{"id":1291,"date":"2025-10-02T19:37:48","date_gmt":"2025-10-02T17:37:48","guid":{"rendered":"https:\/\/trailart.hu\/?page_id=1291"},"modified":"2025-10-02T21:21:14","modified_gmt":"2025-10-02T19:21:14","slug":"arajanlat-kerese","status":"publish","type":"page","link":"https:\/\/trailart.hu\/en\/arajanlat-kerese\/","title":{"rendered":"\u00c1raj\u00e1nlat k\u00e9r\u00e9se"},"content":{"rendered":"<div data-elementor-type=\"wp-page\" data-elementor-id=\"1291\" class=\"elementor elementor-1291\" data-elementor-post-type=\"page\">\n\t\t\t\t\t\t<section class=\"elementor-section elementor-top-section elementor-element elementor-element-179a87c elementor-section-height-min-height elementor-section-boxed elementor-section-height-default elementor-section-items-middle\" data-id=\"179a87c\" data-element_type=\"section\" data-settings=\"{&quot;jet_parallax_layout_list&quot;:[],&quot;background_background&quot;:&quot;classic&quot;}\">\n\t\t\t\t\t\t\t<div class=\"elementor-background-overlay\"><\/div>\n\t\t\t\t\t\t\t<div class=\"elementor-container elementor-column-gap-default\">\n\t\t\t\t\t<div class=\"elementor-column elementor-col-100 elementor-top-column elementor-element elementor-element-c676e98\" data-id=\"c676e98\" data-element_type=\"column\">\n\t\t\t<div class=\"elementor-widget-wrap\">\n\t\t\t\t\t\t\t<\/div>\n\t\t<\/div>\n\t\t\t\t\t<\/div>\n\t\t<\/section>\n\t\t\t\t<section class=\"elementor-section elementor-top-section elementor-element elementor-element-7fdd788 elementor-section-height-min-height elementor-section-boxed elementor-section-height-default elementor-section-items-middle\" data-id=\"7fdd788\" data-element_type=\"section\" data-settings=\"{&quot;jet_parallax_layout_list&quot;:[],&quot;background_background&quot;:&quot;classic&quot;}\">\n\t\t\t\t\t\t<div class=\"elementor-container elementor-column-gap-default\">\n\t\t\t\t\t<div class=\"elementor-column elementor-col-100 elementor-top-column elementor-element elementor-element-1a0bef3\" data-id=\"1a0bef3\" data-element_type=\"column\">\n\t\t\t<div class=\"elementor-widget-wrap elementor-element-populated\">\n\t\t\t\t\t\t<div class=\"elementor-element elementor-element-090864b elementor-widget elementor-widget-text-editor\" data-id=\"090864b\" data-element_type=\"widget\" data-widget_type=\"text-editor.default\">\n\t\t\t\t<div class=\"elementor-widget-container\">\n\t\t\t\t\t\t\t\t\t<p>Gyors kivitelez\u00e9s &amp; Megb\u00edzhat\u00f3 min\u0151s\u00e9g<\/p>\t\t\t\t\t\t\t\t<\/div>\n\t\t\t\t<\/div>\n\t\t\t\t<div class=\"elementor-element elementor-element-ebf0449 elementor-widget elementor-widget-heading\" data-id=\"ebf0449\" data-element_type=\"widget\" data-widget_type=\"heading.default\">\n\t\t\t\t<div class=\"elementor-widget-container\">\n\t\t\t\t\t<h1 class=\"elementor-heading-title elementor-size-default\">K\u00e9rjen \u00c1raj\u00e1nlatot!<\/h1>\t\t\t\t<\/div>\n\t\t\t\t<\/div>\n\t\t\t\t<div class=\"elementor-element elementor-element-e675792 elementor-button-align-stretch elementor-widget elementor-widget-form\" data-id=\"e675792\" data-element_type=\"widget\" data-settings=\"{&quot;step_next_label&quot;:&quot;K\\u00f6vetkez\\u0151&quot;,&quot;step_previous_label&quot;:&quot;El\\u0151z\\u0151&quot;,&quot;button_width&quot;:&quot;100&quot;,&quot;step_type&quot;:&quot;number_text&quot;,&quot;step_icon_shape&quot;:&quot;circle&quot;}\" data-widget_type=\"form.default\">\n\t\t\t\t<div class=\"elementor-widget-container\">\n\t\t\t\t\t\t\t<form class=\"elementor-form\" method=\"post\" name=\"aj\u00e1nlatk\u00e9r\u00e9s\" action=\"\">\n\t\t\t<input type=\"hidden\" name=\"post_id\" value=\"1291\"\/>\n\t\t\t<input type=\"hidden\" name=\"form_id\" value=\"e675792\"\/>\n\t\t\t<input type=\"hidden\" name=\"referer_title\" value=\"\u00c1raj\u00e1nlat k\u00e9r\u00e9se - Trailart\" \/>\n\n\t\t\t\t\t\t\t<input type=\"hidden\" name=\"queried_id\" value=\"1291\"\/>\n\t\t\t\n\t\t\t<div class=\"elementor-form-fields-wrapper elementor-labels-above\">\n\t\t\t\t\t\t\t\t<div class=\"elementor-field-type-text elementor-field-group elementor-column elementor-field-group-name elementor-col-100 elementor-field-required\">\n\t\t\t\t\t\t\t\t\t\t\t\t<label for=\"form-field-name\" class=\"elementor-field-label\">\n\t\t\t\t\t\t\t\tN\u00e9v\t\t\t\t\t\t\t<\/label>\n\t\t\t\t\t\t\t\t\t\t\t\t\t\t<input size=\"1\" type=\"text\" name=\"form_fields[name]\" id=\"form-field-name\" class=\"elementor-field elementor-size-sm  elementor-field-textual\" placeholder=\"N\u00e9v\" required=\"required\">\n\t\t\t\t\t\t\t\t\t\t\t<\/div>\n\t\t\t\t\t\t\t\t<div class=\"elementor-field-type-email elementor-field-group elementor-column elementor-field-group-email elementor-col-100 elementor-field-required\">\n\t\t\t\t\t\t\t\t\t\t\t\t<label for=\"form-field-email\" class=\"elementor-field-label\">\n\t\t\t\t\t\t\t\tEmail\t\t\t\t\t\t\t<\/label>\n\t\t\t\t\t\t\t\t\t\t\t\t\t\t<input size=\"1\" type=\"email\" name=\"form_fields[email]\" id=\"form-field-email\" class=\"elementor-field elementor-size-sm  elementor-field-textual\" placeholder=\"Email\" required=\"required\">\n\t\t\t\t\t\t\t\t\t\t\t<\/div>\n\t\t\t\t\t\t\t\t<div class=\"elementor-field-type-tel elementor-field-group elementor-column elementor-field-group-field_2578ebe elementor-col-100 elementor-field-required\">\n\t\t\t\t\t\t\t\t\t\t\t\t<label for=\"form-field-field_2578ebe\" class=\"elementor-field-label\">\n\t\t\t\t\t\t\t\tTelefonsz\u00e1m\t\t\t\t\t\t\t<\/label>\n\t\t\t\t\t\t\t\t<input size=\"1\" type=\"tel\" name=\"form_fields[field_2578ebe]\" id=\"form-field-field_2578ebe\" class=\"elementor-field elementor-size-sm  elementor-field-textual\" placeholder=\"Telefonsz\u00e1m\" required=\"required\" pattern=\"[0-9()#&amp;+*-=.]+\" title=\"Only numbers and phone characters (#, -, *, etc) are accepted.\" data-no-translation-title=\"\">\n\n\t\t\t\t\t\t<\/div>\n\t\t\t\t\t\t\t\t<div class=\"elementor-field-type-select elementor-field-group elementor-column elementor-field-group-field_6cbda47 elementor-col-100\">\n\t\t\t\t\t\t\t\t\t\t\t\t<label for=\"form-field-field_6cbda47\" class=\"elementor-field-label\">\n\t\t\t\t\t\t\t\tMilyen fajta p\u00e1lya \u00e9rdekli?\t\t\t\t\t\t\t<\/label>\n\t\t\t\t\t\t\t\t<div class=\"elementor-field elementor-select-wrapper remove-before\">\n\t\t\t<div class=\"select-caret-down-wrapper\">\n\t\t\t\t<svg aria-hidden=\"true\" class=\"e-font-icon-svg e-eicon-caret-down\" viewbox=\"0 0 571.4 571.4\" xmlns=\"http:\/\/www.w3.org\/2000\/svg\"><path d=\"M571 393Q571 407 561 418L311 668Q300 679 286 679T261 668L11 418Q0 407 0 393T11 368 36 357H536Q550 357 561 368T571 393Z\"><\/path><\/svg>\t\t\t<\/div>\n\t\t\t<select name=\"form_fields[field_6cbda47]\" id=\"form-field-field_6cbda47\" class=\"elementor-field-textual elementor-size-sm\">\n\t\t\t\t\t\t\t\t\t<option value=\"Pumptrack p\u00e1lya\">Pumptrack p\u00e1lya<\/option>\n\t\t\t\t\t\t\t\t\t<option value=\"Erdei ker\u00e9kp\u00e1ros p\u00e1lya\">Erdei ker\u00e9kp\u00e1ros p\u00e1lya<\/option>\n\t\t\t\t\t\t\t\t\t<option value=\"Egy\u00e9b\">Egy\u00e9b<\/option>\n\t\t\t\t\t\t\t<\/select>\n\t\t<\/div>\n\t\t\t\t\t\t<\/div>\n\t\t\t\t\t\t\t\t<div class=\"elementor-field-type-select elementor-field-group elementor-column elementor-field-group-field_e0239b5 elementor-col-100\">\n\t\t\t\t\t\t\t\t\t\t\t\t<label for=\"form-field-field_e0239b5\" class=\"elementor-field-label\">\n\t\t\t\t\t\t\t\tMilyen szint\u0171 p\u00e1lya \u00e9rdekli?\t\t\t\t\t\t\t<\/label>\n\t\t\t\t\t\t\t\t<div class=\"elementor-field elementor-select-wrapper remove-before\">\n\t\t\t<div class=\"select-caret-down-wrapper\">\n\t\t\t\t<svg aria-hidden=\"true\" class=\"e-font-icon-svg e-eicon-caret-down\" viewbox=\"0 0 571.4 571.4\" xmlns=\"http:\/\/www.w3.org\/2000\/svg\"><path d=\"M571 393Q571 407 561 418L311 668Q300 679 286 679T261 668L11 418Q0 407 0 393T11 368 36 357H536Q550 357 561 368T571 393Z\"><\/path><\/svg>\t\t\t<\/div>\n\t\t\t<select name=\"form_fields[field_e0239b5]\" id=\"form-field-field_e0239b5\" class=\"elementor-field-textual elementor-size-sm\">\n\t\t\t\t\t\t\t\t\t<option value=\"Kezd\u0151\">Kezd\u0151<\/option>\n\t\t\t\t\t\t\t\t\t<option value=\"Halad\u00f3\">Halad\u00f3<\/option>\n\t\t\t\t\t\t\t\t\t<option value=\"Multifunkci\u00f3s\">Multifunkci\u00f3s<\/option>\n\t\t\t\t\t\t\t\t\t<option value=\"Egy\u00e9b\">Egy\u00e9b<\/option>\n\t\t\t\t\t\t\t<\/select>\n\t\t<\/div>\n\t\t\t\t\t\t<\/div>\n\t\t\t\t\t\t\t\t<div class=\"elementor-field-type-text elementor-field-group elementor-column elementor-field-group-field_48ffb38 elementor-col-100\">\n\t\t\t\t\t\t\t\t\t\t\t\t<label for=\"form-field-field_48ffb38\" class=\"elementor-field-label\">\n\t\t\t\t\t\t\t\tKivitelez\u00e9s helye\t\t\t\t\t\t\t<\/label>\n\t\t\t\t\t\t\t\t\t\t\t\t\t\t<input size=\"1\" type=\"text\" name=\"form_fields[field_48ffb38]\" id=\"form-field-field_48ffb38\" class=\"elementor-field elementor-size-sm  elementor-field-textual\" placeholder=\"Ir\u00e1ny\u00edt\u00f3sz\u00e1m, V\u00e1ros, Utca, H\u00e1zsz\u00e1m, Egy\u00e9b helysz\u00edn\">\n\t\t\t\t\t\t\t\t\t\t\t<\/div>\n\t\t\t\t\t\t\t\t<div class=\"elementor-field-type-textarea elementor-field-group elementor-column elementor-field-group-message elementor-col-100\">\n\t\t\t\t\t\t\t\t\t\t\t\t<label for=\"form-field-message\" class=\"elementor-field-label\">\n\t\t\t\t\t\t\t\t\u00dczenet, megjegyz\u00e9s\t\t\t\t\t\t\t<\/label>\n\t\t\t\t\t\t<textarea class=\"elementor-field-textual elementor-field  elementor-size-sm\" name=\"form_fields[message]\" id=\"form-field-message\" rows=\"4\" placeholder=\"\u00dczenet\"><\/textarea>\t\t\t\t<\/div>\n\t\t\t\t\t\t\t\t<div class=\"elementor-field-group elementor-column elementor-field-type-submit elementor-col-100 e-form__buttons\">\n\t\t\t\t\t<button class=\"elementor-button elementor-size-sm\" type=\"submit\">\n\t\t\t\t\t\t<span class=\"elementor-button-content-wrapper\">\n\t\t\t\t\t\t\t\t\t\t\t\t\t\t\t\t\t\t\t\t\t\t<span class=\"elementor-button-text\">K\u00fcld\u00e9s<\/span>\n\t\t\t\t\t\t\t\t\t\t\t\t\t<\/span>\n\t\t\t\t\t<\/button>\n\t\t\t\t<\/div>\n\t\t\t<\/div>\n\t\t<input type=\"hidden\" name=\"trp-form-language\" value=\"en\"\/><\/form>\n\t\t\t\t\t\t<\/div>\n\t\t\t\t<\/div>\n\t\t\t\t\t<\/div>\n\t\t<\/div>\n\t\t\t\t\t<\/div>\n\t\t<\/section>\n\t\t\t\t<\/div>","protected":false},"excerpt":{"rendered":"<p>Gyors kivitelez\u00e9s &amp; Megb\u00edzhat\u00f3 min\u0151s\u00e9g K\u00e9rjen \u00c1raj\u00e1nlatot!<\/p>","protected":false},"author":5,"featured_media":923,"parent":0,"menu_order":0,"comment_status":"closed","ping_status":"closed","template":"elementor_header_footer","meta":{"_acf_changed":false,"footnotes":""},"class_list":["post-1291","page","type-page","status-publish","has-post-thumbnail","hentry"],"acf":[],"yoast_head":"<!-- This site is optimized with the Yoast SEO plugin v25.0 - https:\/\/yoast.com\/wordpress\/plugins\/seo\/ -->\n<title>\u00c1raj\u00e1nlat k\u00e9r\u00e9se - Trailart<\/title>\n<meta name=\"robots\" content=\"index, follow, max-snippet:-1, max-image-preview:large, max-video-preview:-1\" \/>\n<link rel=\"canonical\" href=\"https:\/\/trailart.hu\/en\/arajanlat-kerese\/\" \/>\n<meta property=\"og:locale\" content=\"en_GB\" \/>\n<meta property=\"og:type\" content=\"article\" \/>\n<meta property=\"og:title\" content=\"\u00c1raj\u00e1nlat k\u00e9r\u00e9se - Trailart\" \/>\n<meta property=\"og:description\" content=\"Gyors kivitelez\u00e9s &amp; Megb\u00edzhat\u00f3 min\u0151s\u00e9g K\u00e9rjen \u00c1raj\u00e1nlatot!\" \/>\n<meta property=\"og:url\" content=\"https:\/\/trailart.hu\/en\/arajanlat-kerese\/\" \/>\n<meta property=\"og:site_name\" content=\"Trailart\" \/>\n<meta property=\"article:modified_time\" content=\"2025-10-02T19:21:14+00:00\" \/>\n<meta property=\"og:image\" content=\"https:\/\/trailart.hu\/wp-content\/uploads\/2025\/04\/294177084_526567262602734_5250723321313240136_n.jpg\" \/>\n\t<meta property=\"og:image:width\" content=\"1440\" \/>\n\t<meta property=\"og:image:height\" content=\"1800\" \/>\n\t<meta property=\"og:image:type\" content=\"image\/jpeg\" \/>\n<meta name=\"twitter:card\" content=\"summary_large_image\" \/>\n<meta name=\"twitter:label1\" content=\"Estimated reading time\" \/>\n\t<meta name=\"twitter:data1\" content=\"1 minute\" \/>\n<script type=\"application\/ld+json\" class=\"yoast-schema-graph\">{\"@context\":\"https:\/\/schema.org\",\"@graph\":[{\"@type\":\"WebPage\",\"@id\":\"https:\/\/trailart.hu\/arajanlat-kerese\/\",\"url\":\"https:\/\/trailart.hu\/arajanlat-kerese\/\",\"name\":\"\u00c1raj\u00e1nlat k\u00e9r\u00e9se - Trailart\",\"isPartOf\":{\"@id\":\"https:\/\/trailart.hu\/#website\"},\"primaryImageOfPage\":{\"@id\":\"https:\/\/trailart.hu\/arajanlat-kerese\/#primaryimage\"},\"image\":{\"@id\":\"https:\/\/trailart.hu\/arajanlat-kerese\/#primaryimage\"},\"thumbnailUrl\":\"https:\/\/trailart.hu\/wp-content\/uploads\/2025\/04\/294177084_526567262602734_5250723321313240136_n.jpg\",\"datePublished\":\"2025-10-02T17:37:48+00:00\",\"dateModified\":\"2025-10-02T19:21:14+00:00\",\"breadcrumb\":{\"@id\":\"https:\/\/trailart.hu\/arajanlat-kerese\/#breadcrumb\"},\"inLanguage\":\"en-GB\",\"potentialAction\":[{\"@type\":\"ReadAction\",\"target\":[\"https:\/\/trailart.hu\/arajanlat-kerese\/\"]}]},{\"@type\":\"ImageObject\",\"inLanguage\":\"en-GB\",\"@id\":\"https:\/\/trailart.hu\/arajanlat-kerese\/#primaryimage\",\"url\":\"https:\/\/trailart.hu\/wp-content\/uploads\/2025\/04\/294177084_526567262602734_5250723321313240136_n.jpg\",\"contentUrl\":\"https:\/\/trailart.hu\/wp-content\/uploads\/2025\/04\/294177084_526567262602734_5250723321313240136_n.jpg\",\"width\":1440,\"height\":1800},{\"@type\":\"BreadcrumbList\",\"@id\":\"https:\/\/trailart.hu\/arajanlat-kerese\/#breadcrumb\",\"itemListElement\":[{\"@type\":\"ListItem\",\"position\":1,\"name\":\"Kezd\u0151lap\",\"item\":\"https:\/\/trailart.hu\/\"},{\"@type\":\"ListItem\",\"position\":2,\"name\":\"\u00c1raj\u00e1nlat k\u00e9r\u00e9se\"}]},{\"@type\":\"WebSite\",\"@id\":\"https:\/\/trailart.hu\/#website\",\"url\":\"https:\/\/trailart.hu\/\",\"name\":\"Trailart\",\"description\":\"\",\"potentialAction\":[{\"@type\":\"SearchAction\",\"target\":{\"@type\":\"EntryPoint\",\"urlTemplate\":\"https:\/\/trailart.hu\/?s={search_term_string}\"},\"query-input\":{\"@type\":\"PropertyValueSpecification\",\"valueRequired\":true,\"valueName\":\"search_term_string\"}}],\"inLanguage\":\"en-GB\"}]}<\/script>\n<!-- \/ Yoast SEO plugin. -->","yoast_head_json":{"title":"\u00c1raj\u00e1nlat k\u00e9r\u00e9se - Trailart","robots":{"index":"index","follow":"follow","max-snippet":"max-snippet:-1","max-image-preview":"max-image-preview:large","max-video-preview":"max-video-preview:-1"},"canonical":"https:\/\/trailart.hu\/en\/arajanlat-kerese\/","og_locale":"en_GB","og_type":"article","og_title":"\u00c1raj\u00e1nlat k\u00e9r\u00e9se - Trailart","og_description":"Gyors kivitelez\u00e9s &amp; Megb\u00edzhat\u00f3 min\u0151s\u00e9g K\u00e9rjen \u00c1raj\u00e1nlatot!","og_url":"https:\/\/trailart.hu\/en\/arajanlat-kerese\/","og_site_name":"Trailart","article_modified_time":"2025-10-02T19:21:14+00:00","og_image":[{"width":1440,"height":1800,"url":"https:\/\/trailart.hu\/wp-content\/uploads\/2025\/04\/294177084_526567262602734_5250723321313240136_n.jpg","type":"image\/jpeg"}],"twitter_card":"summary_large_image","twitter_misc":{"Estimated reading time":"1 minute"},"schema":{"@context":"https:\/\/schema.org","@graph":[{"@type":"WebPage","@id":"https:\/\/trailart.hu\/arajanlat-kerese\/","url":"https:\/\/trailart.hu\/arajanlat-kerese\/","name":"\u00c1raj\u00e1nlat k\u00e9r\u00e9se - Trailart","isPartOf":{"@id":"https:\/\/trailart.hu\/#website"},"primaryImageOfPage":{"@id":"https:\/\/trailart.hu\/arajanlat-kerese\/#primaryimage"},"image":{"@id":"https:\/\/trailart.hu\/arajanlat-kerese\/#primaryimage"},"thumbnailUrl":"https:\/\/trailart.hu\/wp-content\/uploads\/2025\/04\/294177084_526567262602734_5250723321313240136_n.jpg","datePublished":"2025-10-02T17:37:48+00:00","dateModified":"2025-10-02T19:21:14+00:00","breadcrumb":{"@id":"https:\/\/trailart.hu\/arajanlat-kerese\/#breadcrumb"},"inLanguage":"en-GB","potentialAction":[{"@type":"ReadAction","target":["https:\/\/trailart.hu\/arajanlat-kerese\/"]}]},{"@type":"ImageObject","inLanguage":"en-GB","@id":"https:\/\/trailart.hu\/arajanlat-kerese\/#primaryimage","url":"https:\/\/trailart.hu\/wp-content\/uploads\/2025\/04\/294177084_526567262602734_5250723321313240136_n.jpg","contentUrl":"https:\/\/trailart.hu\/wp-content\/uploads\/2025\/04\/294177084_526567262602734_5250723321313240136_n.jpg","width":1440,"height":1800},{"@type":"BreadcrumbList","@id":"https:\/\/trailart.hu\/arajanlat-kerese\/#breadcrumb","itemListElement":[{"@type":"ListItem","position":1,"name":"Kezd\u0151lap","item":"https:\/\/trailart.hu\/"},{"@type":"ListItem","position":2,"name":"\u00c1raj\u00e1nlat k\u00e9r\u00e9se"}]},{"@type":"WebSite","@id":"https:\/\/trailart.hu\/#website","url":"https:\/\/trailart.hu\/","name":"Trailart","description":"","potentialAction":[{"@type":"SearchAction","target":{"@type":"EntryPoint","urlTemplate":"https:\/\/trailart.hu\/?s={search_term_string}"},"query-input":{"@type":"PropertyValueSpecification","valueRequired":true,"valueName":"search_term_string"}}],"inLanguage":"en-GB"}]}},"_links":{"self":[{"href":"https:\/\/trailart.hu\/en\/wp-json\/wp\/v2\/pages\/1291","targetHints":{"allow":["GET"]}}],"collection":[{"href":"https:\/\/trailart.hu\/en\/wp-json\/wp\/v2\/pages"}],"about":[{"href":"https:\/\/trailart.hu\/en\/wp-json\/wp\/v2\/types\/page"}],"author":[{"embeddable":true,"href":"https:\/\/trailart.hu\/en\/wp-json\/wp\/v2\/users\/5"}],"replies":[{"embeddable":true,"href":"https:\/\/trailart.hu\/en\/wp-json\/wp\/v2\/comments?post=1291"}],"version-history":[{"count":25,"href":"https:\/\/trailart.hu\/en\/wp-json\/wp\/v2\/pages\/1291\/revisions"}],"predecessor-version":[{"id":1333,"href":"https:\/\/trailart.hu\/en\/wp-json\/wp\/v2\/pages\/1291\/revisions\/1333"}],"wp:featuredmedia":[{"embeddable":true,"href":"https:\/\/trailart.hu\/en\/wp-json\/wp\/v2\/media\/923"}],"wp:attachment":[{"href":"https:\/\/trailart.hu\/en\/wp-json\/wp\/v2\/media?parent=1291"}],"curies":[{"name":"wp","href":"https:\/\/api.w.org\/{rel}","templated":true}]}}