{"id":330,"date":"2025-02-18T13:18:05","date_gmt":"2025-02-18T12:18:05","guid":{"rendered":"https:\/\/trailart.hu\/?page_id=330"},"modified":"2025-10-14T20:39:19","modified_gmt":"2025-10-14T18:39:19","slug":"lepj-kapcsolatba-velunk-epitsunk-egyutt-egy-izgalmas-pumpapalyat-vagy-mtb-osvenyt","status":"publish","type":"page","link":"https:\/\/trailart.hu\/en\/lepj-kapcsolatba-velunk-epitsunk-egyutt-egy-izgalmas-pumpapalyat-vagy-mtb-osvenyt\/","title":{"rendered":"Kapcsolat"},"content":{"rendered":"<div data-elementor-type=\"wp-page\" data-elementor-id=\"330\" class=\"elementor elementor-330\" data-elementor-post-type=\"page\">\n\t\t\t\t\t\t<section class=\"elementor-section elementor-top-section elementor-element elementor-element-ee16b7d elementor-section-height-min-height elementor-section-boxed elementor-section-height-default elementor-section-items-middle\" data-id=\"ee16b7d\" data-element_type=\"section\" data-settings=\"{&quot;jet_parallax_layout_list&quot;:[],&quot;background_background&quot;:&quot;classic&quot;}\">\n\t\t\t\t\t\t\t<div class=\"elementor-background-overlay\"><\/div>\n\t\t\t\t\t\t\t<div class=\"elementor-container elementor-column-gap-default\">\n\t\t\t\t\t<div class=\"elementor-column elementor-col-100 elementor-top-column elementor-element elementor-element-f89631f\" data-id=\"f89631f\" data-element_type=\"column\">\n\t\t\t<div class=\"elementor-widget-wrap elementor-element-populated\">\n\t\t\t\t\t\t<div class=\"elementor-element elementor-element-dd9359b elementor-widget elementor-widget-heading\" data-id=\"dd9359b\" data-element_type=\"widget\" data-widget_type=\"heading.default\">\n\t\t\t\t<div class=\"elementor-widget-container\">\n\t\t\t\t\t<h2 class=\"elementor-heading-title elementor-size-default\">L\u00c9PJ VEL\u00dcNK KAPCSOLATBA<\/h2>\t\t\t\t<\/div>\n\t\t\t\t<\/div>\n\t\t\t\t\t<\/div>\n\t\t<\/div>\n\t\t\t\t\t<\/div>\n\t\t<\/section>\n\t\t\t\t<section class=\"elementor-section elementor-top-section elementor-element elementor-element-91559b9 elementor-section-boxed elementor-section-height-default elementor-section-height-default\" data-id=\"91559b9\" data-element_type=\"section\" data-settings=\"{&quot;jet_parallax_layout_list&quot;:[],&quot;background_background&quot;:&quot;classic&quot;}\">\n\t\t\t\t\t\t<div class=\"elementor-container elementor-column-gap-default\">\n\t\t\t\t\t<div class=\"elementor-column elementor-col-50 elementor-top-column elementor-element elementor-element-6ef9378\" data-id=\"6ef9378\" data-element_type=\"column\">\n\t\t\t<div class=\"elementor-widget-wrap elementor-element-populated\">\n\t\t\t\t\t\t<div class=\"elementor-element elementor-element-ff78c9e elementor-widget elementor-widget-image\" data-id=\"ff78c9e\" data-element_type=\"widget\" data-widget_type=\"image.default\">\n\t\t\t\t<div class=\"elementor-widget-container\">\n\t\t\t\t\t\t\t\t\t\t\t\t\t\t\t<img fetchpriority=\"high\" decoding=\"async\" width=\"800\" height=\"548\" src=\"https:\/\/trailart.hu\/wp-content\/uploads\/2025\/02\/140674579_158243742768423_6199222216025793095_n-1024x701.jpg\" class=\"attachment-large size-large wp-image-581\" alt=\"\" srcset=\"https:\/\/trailart.hu\/wp-content\/uploads\/2025\/02\/140674579_158243742768423_6199222216025793095_n-1024x701.jpg 1024w, https:\/\/trailart.hu\/wp-content\/uploads\/2025\/02\/140674579_158243742768423_6199222216025793095_n-300x205.jpg 300w, https:\/\/trailart.hu\/wp-content\/uploads\/2025\/02\/140674579_158243742768423_6199222216025793095_n-768x526.jpg 768w, https:\/\/trailart.hu\/wp-content\/uploads\/2025\/02\/140674579_158243742768423_6199222216025793095_n-1536x1051.jpg 1536w, https:\/\/trailart.hu\/wp-content\/uploads\/2025\/02\/140674579_158243742768423_6199222216025793095_n-18x12.jpg 18w, https:\/\/trailart.hu\/wp-content\/uploads\/2025\/02\/140674579_158243742768423_6199222216025793095_n.jpg 2016w\" sizes=\"(max-width: 800px) 100vw, 800px\" \/>\t\t\t\t\t\t\t\t\t\t\t\t\t\t\t<\/div>\n\t\t\t\t<\/div>\n\t\t\t\t\t<\/div>\n\t\t<\/div>\n\t\t\t\t<div class=\"elementor-column elementor-col-50 elementor-top-column elementor-element elementor-element-104e7c0\" data-id=\"104e7c0\" data-element_type=\"column\">\n\t\t\t<div class=\"elementor-widget-wrap elementor-element-populated\">\n\t\t\t\t\t\t<div class=\"elementor-element elementor-element-fbf591e elementor-widget elementor-widget-text-editor\" data-id=\"fbf591e\" data-element_type=\"widget\" data-widget_type=\"text-editor.default\">\n\t\t\t\t<div class=\"elementor-widget-container\">\n\t\t\t\t\t\t\t\t\t<p class=\"p1\">Szenved\u00e9ly\u00fcnk a ker\u00e9kp\u00e1roz\u00e1s, \u00e9s \u00f6r\u00f6mmel osztjuk meg tapasztalatainkat veled is! Legyen sz\u00f3 egyedi p\u00e1lya\u00e9p\u00edt\u00e9sr\u0151l, tan\u00e1csad\u00e1sr\u00f3l vagy csak egy bar\u00e1ti besz\u00e9lget\u00e9sr\u0151l a bring\u00e1z\u00e1s vil\u00e1g\u00e1r\u00f3l, <span class=\"s1\"><b>keress minket b\u00e1tran!<\/b><\/span><\/p><p>Trail Art Park Kft<br \/>1162 Budapest, Vecseh\u00e1z utca 7<br \/>ad\u00f3sz\u00e1m: 14786354-2-42<\/p><p>email: <span style=\"text-decoration: underline;\">trailarthungary@gmail.com<\/span><\/p><p>telefon: <a href=\"tel: +36703942884\"><span style=\"text-decoration: underline;\">+36703942884<\/span><\/a><\/p>\t\t\t\t\t\t\t\t<\/div>\n\t\t\t\t<\/div>\n\t\t\t\t\t<\/div>\n\t\t<\/div>\n\t\t\t\t\t<\/div>\n\t\t<\/section>\n\t\t\t\t<section class=\"elementor-section elementor-top-section elementor-element elementor-element-a1db14d elementor-section-boxed elementor-section-height-default elementor-section-height-default\" data-id=\"a1db14d\" data-element_type=\"section\" data-settings=\"{&quot;jet_parallax_layout_list&quot;:[],&quot;background_background&quot;:&quot;classic&quot;}\">\n\t\t\t\t\t\t<div class=\"elementor-container elementor-column-gap-default\">\n\t\t\t\t\t<div class=\"elementor-column elementor-col-100 elementor-top-column elementor-element elementor-element-6d01861\" data-id=\"6d01861\" data-element_type=\"column\">\n\t\t\t<div class=\"elementor-widget-wrap elementor-element-populated\">\n\t\t\t\t\t\t<div class=\"elementor-element elementor-element-3230363 elementor-button-align-start elementor-widget elementor-widget-form\" data-id=\"3230363\" data-element_type=\"widget\" data-settings=\"{&quot;button_width&quot;:&quot;20&quot;,&quot;step_next_label&quot;:&quot;K\\u00f6vetkez\\u0151&quot;,&quot;step_previous_label&quot;:&quot;El\\u0151z\\u0151&quot;,&quot;step_type&quot;:&quot;number_text&quot;,&quot;step_icon_shape&quot;:&quot;circle&quot;}\" data-widget_type=\"form.default\">\n\t\t\t\t<div class=\"elementor-widget-container\">\n\t\t\t\t\t\t\t<form class=\"elementor-form\" method=\"post\" name=\"Kapcsolat\" action=\"\">\n\t\t\t<input type=\"hidden\" name=\"post_id\" value=\"330\"\/>\n\t\t\t<input type=\"hidden\" name=\"form_id\" value=\"3230363\"\/>\n\t\t\t<input type=\"hidden\" name=\"referer_title\" value=\"Kapcsolat \u2013 Pumpap\u00e1lya \u00e9p\u00edt\u00e9s \u00e9s trail tervez\u00e9s | Trailart.hu\" \/>\n\n\t\t\t\t\t\t\t<input type=\"hidden\" name=\"queried_id\" value=\"330\"\/>\n\t\t\t\n\t\t\t<div class=\"elementor-form-fields-wrapper elementor-labels-above\">\n\t\t\t\t\t\t\t\t<div class=\"elementor-field-type-text elementor-field-group elementor-column elementor-field-group-name elementor-col-50 elementor-field-required elementor-mark-required\">\n\t\t\t\t\t\t\t\t\t\t\t\t<label for=\"form-field-name\" class=\"elementor-field-label\">\n\t\t\t\t\t\t\t\tN\u00e9v\t\t\t\t\t\t\t<\/label>\n\t\t\t\t\t\t\t\t\t\t\t\t\t\t<input size=\"1\" type=\"text\" name=\"form_fields[name]\" id=\"form-field-name\" class=\"elementor-field elementor-size-sm  elementor-field-textual\" required=\"required\">\n\t\t\t\t\t\t\t\t\t\t\t<\/div>\n\t\t\t\t\t\t\t\t<div class=\"elementor-field-type-email elementor-field-group elementor-column elementor-field-group-email elementor-col-50 elementor-field-required elementor-mark-required\">\n\t\t\t\t\t\t\t\t\t\t\t\t<label for=\"form-field-email\" class=\"elementor-field-label\">\n\t\t\t\t\t\t\t\tEmail\t\t\t\t\t\t\t<\/label>\n\t\t\t\t\t\t\t\t\t\t\t\t\t\t<input size=\"1\" type=\"email\" name=\"form_fields[email]\" id=\"form-field-email\" class=\"elementor-field elementor-size-sm  elementor-field-textual\" required=\"required\">\n\t\t\t\t\t\t\t\t\t\t\t<\/div>\n\t\t\t\t\t\t\t\t<div class=\"elementor-field-type-textarea elementor-field-group elementor-column elementor-field-group-message elementor-col-100 elementor-field-required elementor-mark-required\">\n\t\t\t\t\t\t\t\t\t\t\t\t<label for=\"form-field-message\" class=\"elementor-field-label\">\n\t\t\t\t\t\t\t\t\u00dczenet\t\t\t\t\t\t\t<\/label>\n\t\t\t\t\t\t<textarea class=\"elementor-field-textual elementor-field  elementor-size-sm\" name=\"form_fields[message]\" id=\"form-field-message\" rows=\"6\" required=\"required\"><\/textarea>\t\t\t\t<\/div>\n\t\t\t\t\t\t\t\t<div class=\"elementor-field-group elementor-column elementor-field-type-submit elementor-col-20 e-form__buttons\">\n\t\t\t\t\t<button class=\"elementor-button elementor-size-sm elementor-animation-pulse\" type=\"submit\">\n\t\t\t\t\t\t<span class=\"elementor-button-content-wrapper\">\n\t\t\t\t\t\t\t\t\t\t\t\t\t\t\t\t\t\t\t\t\t\t<span class=\"elementor-button-text\">K\u00fcld\u00e9s<\/span>\n\t\t\t\t\t\t\t\t\t\t\t\t\t<\/span>\n\t\t\t\t\t<\/button>\n\t\t\t\t<\/div>\n\t\t\t<\/div>\n\t\t<input type=\"hidden\" name=\"trp-form-language\" value=\"en\"\/><\/form>\n\t\t\t\t\t\t<\/div>\n\t\t\t\t<\/div>\n\t\t\t\t\t<\/div>\n\t\t<\/div>\n\t\t\t\t\t<\/div>\n\t\t<\/section>\n\t\t\t\t<\/div>","protected":false},"excerpt":{"rendered":"<p>L\u00c9PJ VEL\u00dcNK KAPCSOLATBA Szenved\u00e9ly\u00fcnk a ker\u00e9kp\u00e1roz\u00e1s, \u00e9s \u00f6r\u00f6mmel osztjuk meg tapasztalatainkat veled is! Legyen sz\u00f3 egyedi p\u00e1lya\u00e9p\u00edt\u00e9sr\u0151l, tan\u00e1csad\u00e1sr\u00f3l vagy csak egy bar\u00e1ti besz\u00e9lget\u00e9sr\u0151l a bring\u00e1z\u00e1s vil\u00e1g\u00e1r\u00f3l, keress minket b\u00e1tran! Trail Art Park Kft1162 Budapest, Vecseh\u00e1z utca 7ad\u00f3sz\u00e1m: 14786354-2-42 email: trailarthungary@gmail.com telefon: +36703942884<\/p>","protected":false},"author":1,"featured_media":0,"parent":0,"menu_order":0,"comment_status":"closed","ping_status":"closed","template":"elementor_header_footer","meta":{"_acf_changed":false,"footnotes":""},"class_list":["post-330","page","type-page","status-publish","hentry"],"acf":[],"yoast_head":"<!-- This site is optimized with the Yoast SEO plugin v25.0 - https:\/\/yoast.com\/wordpress\/plugins\/seo\/ -->\n<title>Kapcsolat \u2013 Pumpap\u00e1lya \u00e9p\u00edt\u00e9s \u00e9s trail tervez\u00e9s | Trailart.hu<\/title>\n<meta name=\"description\" content=\"Vedd fel a kapcsolatot a Trailart csapat\u00e1val! Aszfalt pumpap\u00e1ly\u00e1k, term\u00e9szetes MTB \u00f6sv\u00e9nyek \u00e9s ker\u00e9kp\u00e1ros trail projektek tervez\u00e9se \u00e9s\" \/>\n<meta name=\"robots\" content=\"index, follow, max-snippet:-1, max-image-preview:large, max-video-preview:-1\" \/>\n<link rel=\"canonical\" href=\"https:\/\/trailart.hu\/en\/lepj-kapcsolatba-velunk-epitsunk-egyutt-egy-izgalmas-pumpapalyat-vagy-mtb-osvenyt\/\" \/>\n<meta property=\"og:locale\" content=\"en_GB\" \/>\n<meta property=\"og:type\" content=\"article\" \/>\n<meta property=\"og:title\" content=\"Kapcsolat \u2013 Pumpap\u00e1lya \u00e9p\u00edt\u00e9s \u00e9s trail tervez\u00e9s | Trailart.hu\" \/>\n<meta property=\"og:description\" content=\"Vedd fel a kapcsolatot a Trailart csapat\u00e1val! Aszfalt pumpap\u00e1ly\u00e1k, term\u00e9szetes MTB \u00f6sv\u00e9nyek \u00e9s ker\u00e9kp\u00e1ros trail projektek tervez\u00e9se \u00e9s\" \/>\n<meta property=\"og:url\" content=\"https:\/\/trailart.hu\/en\/lepj-kapcsolatba-velunk-epitsunk-egyutt-egy-izgalmas-pumpapalyat-vagy-mtb-osvenyt\/\" \/>\n<meta property=\"og:site_name\" content=\"Trailart\" \/>\n<meta property=\"article:modified_time\" content=\"2025-10-14T18:39:19+00:00\" \/>\n<meta property=\"og:image\" content=\"https:\/\/trailart.hu\/wp-content\/uploads\/2025\/02\/140674579_158243742768423_6199222216025793095_n.jpg\" \/>\n\t<meta property=\"og:image:width\" content=\"2016\" \/>\n\t<meta property=\"og:image:height\" content=\"1380\" \/>\n\t<meta property=\"og:image:type\" content=\"image\/jpeg\" \/>\n<meta name=\"twitter:card\" content=\"summary_large_image\" \/>\n<meta name=\"twitter:label1\" content=\"Estimated reading time\" \/>\n\t<meta name=\"twitter:data1\" content=\"1 minute\" \/>\n<script type=\"application\/ld+json\" class=\"yoast-schema-graph\">{\"@context\":\"https:\/\/schema.org\",\"@graph\":[{\"@type\":\"WebPage\",\"@id\":\"https:\/\/trailart.hu\/lepj-kapcsolatba-velunk-epitsunk-egyutt-egy-izgalmas-pumpapalyat-vagy-mtb-osvenyt\/\",\"url\":\"https:\/\/trailart.hu\/lepj-kapcsolatba-velunk-epitsunk-egyutt-egy-izgalmas-pumpapalyat-vagy-mtb-osvenyt\/\",\"name\":\"Kapcsolat \u2013 Pumpap\u00e1lya \u00e9p\u00edt\u00e9s \u00e9s trail tervez\u00e9s | Trailart.hu\",\"isPartOf\":{\"@id\":\"https:\/\/trailart.hu\/#website\"},\"primaryImageOfPage\":{\"@id\":\"https:\/\/trailart.hu\/lepj-kapcsolatba-velunk-epitsunk-egyutt-egy-izgalmas-pumpapalyat-vagy-mtb-osvenyt\/#primaryimage\"},\"image\":{\"@id\":\"https:\/\/trailart.hu\/lepj-kapcsolatba-velunk-epitsunk-egyutt-egy-izgalmas-pumpapalyat-vagy-mtb-osvenyt\/#primaryimage\"},\"thumbnailUrl\":\"https:\/\/trailart.hu\/wp-content\/uploads\/2025\/02\/140674579_158243742768423_6199222216025793095_n-1024x701.jpg\",\"datePublished\":\"2025-02-18T12:18:05+00:00\",\"dateModified\":\"2025-10-14T18:39:19+00:00\",\"description\":\"Vedd fel a kapcsolatot a Trailart csapat\u00e1val! Aszfalt pumpap\u00e1ly\u00e1k, term\u00e9szetes MTB \u00f6sv\u00e9nyek \u00e9s ker\u00e9kp\u00e1ros trail projektek tervez\u00e9se \u00e9s\",\"breadcrumb\":{\"@id\":\"https:\/\/trailart.hu\/lepj-kapcsolatba-velunk-epitsunk-egyutt-egy-izgalmas-pumpapalyat-vagy-mtb-osvenyt\/#breadcrumb\"},\"inLanguage\":\"en-GB\",\"potentialAction\":[{\"@type\":\"ReadAction\",\"target\":[\"https:\/\/trailart.hu\/lepj-kapcsolatba-velunk-epitsunk-egyutt-egy-izgalmas-pumpapalyat-vagy-mtb-osvenyt\/\"]}]},{\"@type\":\"ImageObject\",\"inLanguage\":\"en-GB\",\"@id\":\"https:\/\/trailart.hu\/lepj-kapcsolatba-velunk-epitsunk-egyutt-egy-izgalmas-pumpapalyat-vagy-mtb-osvenyt\/#primaryimage\",\"url\":\"https:\/\/trailart.hu\/wp-content\/uploads\/2025\/02\/140674579_158243742768423_6199222216025793095_n-1024x701.jpg\",\"contentUrl\":\"https:\/\/trailart.hu\/wp-content\/uploads\/2025\/02\/140674579_158243742768423_6199222216025793095_n-1024x701.jpg\"},{\"@type\":\"BreadcrumbList\",\"@id\":\"https:\/\/trailart.hu\/lepj-kapcsolatba-velunk-epitsunk-egyutt-egy-izgalmas-pumpapalyat-vagy-mtb-osvenyt\/#breadcrumb\",\"itemListElement\":[{\"@type\":\"ListItem\",\"position\":1,\"name\":\"Kezd\u0151lap\",\"item\":\"https:\/\/trailart.hu\/\"},{\"@type\":\"ListItem\",\"position\":2,\"name\":\"Kapcsolat\"}]},{\"@type\":\"WebSite\",\"@id\":\"https:\/\/trailart.hu\/#website\",\"url\":\"https:\/\/trailart.hu\/\",\"name\":\"Trailart\",\"description\":\"\",\"potentialAction\":[{\"@type\":\"SearchAction\",\"target\":{\"@type\":\"EntryPoint\",\"urlTemplate\":\"https:\/\/trailart.hu\/?s={search_term_string}\"},\"query-input\":{\"@type\":\"PropertyValueSpecification\",\"valueRequired\":true,\"valueName\":\"search_term_string\"}}],\"inLanguage\":\"en-GB\"}]}<\/script>\n<!-- \/ Yoast SEO plugin. -->","yoast_head_json":{"title":"Kapcsolat \u2013 Pumpap\u00e1lya \u00e9p\u00edt\u00e9s \u00e9s trail tervez\u00e9s | Trailart.hu","description":"Vedd fel a kapcsolatot a Trailart csapat\u00e1val! Aszfalt pumpap\u00e1ly\u00e1k, term\u00e9szetes MTB \u00f6sv\u00e9nyek \u00e9s ker\u00e9kp\u00e1ros trail projektek tervez\u00e9se \u00e9s","robots":{"index":"index","follow":"follow","max-snippet":"max-snippet:-1","max-image-preview":"max-image-preview:large","max-video-preview":"max-video-preview:-1"},"canonical":"https:\/\/trailart.hu\/en\/lepj-kapcsolatba-velunk-epitsunk-egyutt-egy-izgalmas-pumpapalyat-vagy-mtb-osvenyt\/","og_locale":"en_GB","og_type":"article","og_title":"Kapcsolat \u2013 Pumpap\u00e1lya \u00e9p\u00edt\u00e9s \u00e9s trail tervez\u00e9s | Trailart.hu","og_description":"Vedd fel a kapcsolatot a Trailart csapat\u00e1val! Aszfalt pumpap\u00e1ly\u00e1k, term\u00e9szetes MTB \u00f6sv\u00e9nyek \u00e9s ker\u00e9kp\u00e1ros trail projektek tervez\u00e9se \u00e9s","og_url":"https:\/\/trailart.hu\/en\/lepj-kapcsolatba-velunk-epitsunk-egyutt-egy-izgalmas-pumpapalyat-vagy-mtb-osvenyt\/","og_site_name":"Trailart","article_modified_time":"2025-10-14T18:39:19+00:00","og_image":[{"width":2016,"height":1380,"url":"https:\/\/trailart.hu\/wp-content\/uploads\/2025\/02\/140674579_158243742768423_6199222216025793095_n.jpg","type":"image\/jpeg"}],"twitter_card":"summary_large_image","twitter_misc":{"Estimated reading time":"1 minute"},"schema":{"@context":"https:\/\/schema.org","@graph":[{"@type":"WebPage","@id":"https:\/\/trailart.hu\/lepj-kapcsolatba-velunk-epitsunk-egyutt-egy-izgalmas-pumpapalyat-vagy-mtb-osvenyt\/","url":"https:\/\/trailart.hu\/lepj-kapcsolatba-velunk-epitsunk-egyutt-egy-izgalmas-pumpapalyat-vagy-mtb-osvenyt\/","name":"Kapcsolat \u2013 Pumpap\u00e1lya \u00e9p\u00edt\u00e9s \u00e9s trail tervez\u00e9s | Trailart.hu","isPartOf":{"@id":"https:\/\/trailart.hu\/#website"},"primaryImageOfPage":{"@id":"https:\/\/trailart.hu\/lepj-kapcsolatba-velunk-epitsunk-egyutt-egy-izgalmas-pumpapalyat-vagy-mtb-osvenyt\/#primaryimage"},"image":{"@id":"https:\/\/trailart.hu\/lepj-kapcsolatba-velunk-epitsunk-egyutt-egy-izgalmas-pumpapalyat-vagy-mtb-osvenyt\/#primaryimage"},"thumbnailUrl":"https:\/\/trailart.hu\/wp-content\/uploads\/2025\/02\/140674579_158243742768423_6199222216025793095_n-1024x701.jpg","datePublished":"2025-02-18T12:18:05+00:00","dateModified":"2025-10-14T18:39:19+00:00","description":"Vedd fel a kapcsolatot a Trailart csapat\u00e1val! Aszfalt pumpap\u00e1ly\u00e1k, term\u00e9szetes MTB \u00f6sv\u00e9nyek \u00e9s ker\u00e9kp\u00e1ros trail projektek tervez\u00e9se \u00e9s","breadcrumb":{"@id":"https:\/\/trailart.hu\/lepj-kapcsolatba-velunk-epitsunk-egyutt-egy-izgalmas-pumpapalyat-vagy-mtb-osvenyt\/#breadcrumb"},"inLanguage":"en-GB","potentialAction":[{"@type":"ReadAction","target":["https:\/\/trailart.hu\/lepj-kapcsolatba-velunk-epitsunk-egyutt-egy-izgalmas-pumpapalyat-vagy-mtb-osvenyt\/"]}]},{"@type":"ImageObject","inLanguage":"en-GB","@id":"https:\/\/trailart.hu\/lepj-kapcsolatba-velunk-epitsunk-egyutt-egy-izgalmas-pumpapalyat-vagy-mtb-osvenyt\/#primaryimage","url":"https:\/\/trailart.hu\/wp-content\/uploads\/2025\/02\/140674579_158243742768423_6199222216025793095_n-1024x701.jpg","contentUrl":"https:\/\/trailart.hu\/wp-content\/uploads\/2025\/02\/140674579_158243742768423_6199222216025793095_n-1024x701.jpg"},{"@type":"BreadcrumbList","@id":"https:\/\/trailart.hu\/lepj-kapcsolatba-velunk-epitsunk-egyutt-egy-izgalmas-pumpapalyat-vagy-mtb-osvenyt\/#breadcrumb","itemListElement":[{"@type":"ListItem","position":1,"name":"Kezd\u0151lap","item":"https:\/\/trailart.hu\/"},{"@type":"ListItem","position":2,"name":"Kapcsolat"}]},{"@type":"WebSite","@id":"https:\/\/trailart.hu\/#website","url":"https:\/\/trailart.hu\/","name":"Trailart","description":"","potentialAction":[{"@type":"SearchAction","target":{"@type":"EntryPoint","urlTemplate":"https:\/\/trailart.hu\/?s={search_term_string}"},"query-input":{"@type":"PropertyValueSpecification","valueRequired":true,"valueName":"search_term_string"}}],"inLanguage":"en-GB"}]}},"_links":{"self":[{"href":"https:\/\/trailart.hu\/en\/wp-json\/wp\/v2\/pages\/330","targetHints":{"allow":["GET"]}}],"collection":[{"href":"https:\/\/trailart.hu\/en\/wp-json\/wp\/v2\/pages"}],"about":[{"href":"https:\/\/trailart.hu\/en\/wp-json\/wp\/v2\/types\/page"}],"author":[{"embeddable":true,"href":"https:\/\/trailart.hu\/en\/wp-json\/wp\/v2\/users\/1"}],"replies":[{"embeddable":true,"href":"https:\/\/trailart.hu\/en\/wp-json\/wp\/v2\/comments?post=330"}],"version-history":[{"count":52,"href":"https:\/\/trailart.hu\/en\/wp-json\/wp\/v2\/pages\/330\/revisions"}],"predecessor-version":[{"id":1408,"href":"https:\/\/trailart.hu\/en\/wp-json\/wp\/v2\/pages\/330\/revisions\/1408"}],"wp:attachment":[{"href":"https:\/\/trailart.hu\/en\/wp-json\/wp\/v2\/media?parent=330"}],"curies":[{"name":"wp","href":"https:\/\/api.w.org\/{rel}","templated":true}]}}