{"id":346,"date":"2025-02-18T14:06:35","date_gmt":"2025-02-18T13:06:35","guid":{"rendered":"https:\/\/trailart.hu\/?page_id=346"},"modified":"2025-04-25T13:43:01","modified_gmt":"2025-04-25T11:43:01","slug":"refecenciak","status":"publish","type":"page","link":"https:\/\/trailart.hu\/en\/refecenciak\/","title":{"rendered":"Refecenci\u00e1k"},"content":{"rendered":"<div data-elementor-type=\"wp-page\" data-elementor-id=\"346\" class=\"elementor elementor-346\" data-elementor-post-type=\"page\">\n\t\t\t\t\t\t<section class=\"elementor-section elementor-top-section elementor-element elementor-element-294fd7a elementor-section-boxed elementor-section-height-default elementor-section-height-default\" data-id=\"294fd7a\" data-element_type=\"section\" data-settings=\"{&quot;jet_parallax_layout_list&quot;:[],&quot;background_background&quot;:&quot;classic&quot;}\">\n\t\t\t\t\t\t\t<div class=\"elementor-background-overlay\"><\/div>\n\t\t\t\t\t\t\t<div class=\"elementor-container elementor-column-gap-default\">\n\t\t\t\t\t<div class=\"elementor-column elementor-col-100 elementor-top-column elementor-element elementor-element-3c32139\" data-id=\"3c32139\" data-element_type=\"column\">\n\t\t\t<div class=\"elementor-widget-wrap elementor-element-populated\">\n\t\t\t\t\t\t<div class=\"elementor-element elementor-element-216dbac elementor-widget elementor-widget-heading\" data-id=\"216dbac\" data-element_type=\"widget\" data-widget_type=\"heading.default\">\n\t\t\t\t<div class=\"elementor-widget-container\">\n\t\t\t\t\t<h2 class=\"elementor-heading-title elementor-size-default\">PRODUCTS<\/h2>\t\t\t\t<\/div>\n\t\t\t\t<\/div>\n\t\t\t\t\t<\/div>\n\t\t<\/div>\n\t\t\t\t\t<\/div>\n\t\t<\/section>\n\t\t\t\t<section class=\"elementor-section elementor-top-section elementor-element elementor-element-b32dd04 elementor-section-content-middle elementor-section-full_width elementor-section-height-default elementor-section-height-default\" data-id=\"b32dd04\" data-element_type=\"section\" data-settings=\"{&quot;jet_parallax_layout_list&quot;:[],&quot;background_background&quot;:&quot;classic&quot;}\">\n\t\t\t\t\t\t<div class=\"elementor-container elementor-column-gap-no\">\n\t\t\t\t\t<div class=\"elementor-column elementor-col-50 elementor-top-column elementor-element elementor-element-af7527d\" data-id=\"af7527d\" data-element_type=\"column\">\n\t\t\t<div class=\"elementor-widget-wrap elementor-element-populated\">\n\t\t\t\t\t\t<div class=\"elementor-element elementor-element-dd7b6d7 elementor-widget elementor-widget-heading\" data-id=\"dd7b6d7\" data-element_type=\"widget\" data-widget_type=\"heading.default\">\n\t\t\t\t<div class=\"elementor-widget-container\">\n\t\t\t\t\t<h2 class=\"elementor-heading-title elementor-size-default\">JELEN VAGYUNK<\/h2>\t\t\t\t<\/div>\n\t\t\t\t<\/div>\n\t\t\t\t<div class=\"elementor-element elementor-element-0ea55a3 elementor-widget elementor-widget-text-editor\" data-id=\"0ea55a3\" data-element_type=\"widget\" data-widget_type=\"text-editor.default\">\n\t\t\t\t<div class=\"elementor-widget-container\">\n\t\t\t\t\t\t\t\t\t<p class=\"p1\">Szenved\u00e9llyel \u00e9s szak\u00e9rtelemmel \u00e9p\u00edt\u00fcnk bringap\u00e1ly\u00e1kat, ahol a kezd\u0151k \u00e9s a profik egyar\u00e1nt megtal\u00e1lj\u00e1k a kih\u00edv\u00e1st \u00e9s az \u00e9lm\u00e9nyt.<\/p><p class=\"p1\">Munk\u00e1ink orsz\u00e1gszerte bizony\u00edtj\u00e1k, hogy a min\u0151s\u00e9g \u00e9s a kreativit\u00e1s k\u00e9z a k\u00e9zben j\u00e1r. N\u00e9zd meg eddigi projektjeinket, \u00e9s csatlakozz te is a bring\u00e1s k\u00f6z\u00f6ss\u00e9ghez!<\/p>\t\t\t\t\t\t\t\t<\/div>\n\t\t\t\t<\/div>\n\t\t\t\t\t<\/div>\n\t\t<\/div>\n\t\t\t\t<div class=\"elementor-column elementor-col-50 elementor-top-column elementor-element elementor-element-70585c8\" data-id=\"70585c8\" data-element_type=\"column\">\n\t\t\t<div class=\"elementor-widget-wrap elementor-element-populated\">\n\t\t\t\t\t\t<div class=\"elementor-element elementor-element-53bb05f elementor-widget elementor-widget-jet-engine-maps-listing\" data-id=\"53bb05f\" data-element_type=\"widget\" data-widget_type=\"jet-engine-maps-listing.default\">\n\t\t\t\t<div class=\"elementor-widget-container\">\n\t\t\t\t\t<div class=\"jet-map-listing jet-listing-grid--621 google-provider\" data-init=\"{&quot;zoomControl&quot;:true,&quot;fullscreenControl&quot;:true,&quot;streetViewControl&quot;:true,&quot;mapTypeControl&quot;:false}\" data-markers=\"[{&quot;id&quot;:844,&quot;latLang&quot;:{&quot;lat&quot;:&quot;46.8021967&quot;,&quot;lng&quot;:&quot;19.0108147&quot;},&quot;label&quot;:false,&quot;custom_marker&quot;:false,&quot;geo_query_distance&quot;:-1},{&quot;id&quot;:842,&quot;latLang&quot;:{&quot;lat&quot;:&quot;47.3184793&quot;,&quot;lng&quot;:&quot;19.1541709&quot;},&quot;label&quot;:false,&quot;custom_marker&quot;:false,&quot;geo_query_distance&quot;:-1},{&quot;id&quot;:840,&quot;latLang&quot;:{&quot;lat&quot;:&quot;48.1742691&quot;,&quot;lng&quot;:&quot;20.7345719&quot;},&quot;label&quot;:false,&quot;custom_marker&quot;:false,&quot;geo_query_distance&quot;:-1},{&quot;id&quot;:839,&quot;latLang&quot;:{&quot;lat&quot;:&quot;47.1131864&quot;,&quot;lng&quot;:&quot;18.127434&quot;},&quot;label&quot;:false,&quot;custom_marker&quot;:false,&quot;geo_query_distance&quot;:-1},{&quot;id&quot;:834,&quot;latLang&quot;:{&quot;lat&quot;:&quot;47.4632611&quot;,&quot;lng&quot;:&quot;19.1690025&quot;},&quot;label&quot;:false,&quot;custom_marker&quot;:false,&quot;geo_query_distance&quot;:-1},{&quot;id&quot;:832,&quot;latLang&quot;:{&quot;lat&quot;:&quot;46.8997776&quot;,&quot;lng&quot;:&quot;19.7124267&quot;},&quot;label&quot;:false,&quot;custom_marker&quot;:false,&quot;geo_query_distance&quot;:-1},{&quot;id&quot;:830,&quot;latLang&quot;:{&quot;lat&quot;:&quot;47.5176268&quot;,&quot;lng&quot;:&quot;18.8183067&quot;},&quot;label&quot;:false,&quot;custom_marker&quot;:false,&quot;geo_query_distance&quot;:-1},{&quot;id&quot;:828,&quot;latLang&quot;:{&quot;lat&quot;:&quot;47.3596592&quot;,&quot;lng&quot;:&quot;19.0311809&quot;},&quot;label&quot;:false,&quot;custom_marker&quot;:false,&quot;geo_query_distance&quot;:-1},{&quot;id&quot;:826,&quot;latLang&quot;:{&quot;lat&quot;:&quot;47.1136658&quot;,&quot;lng&quot;:&quot;17.9064469&quot;},&quot;label&quot;:false,&quot;custom_marker&quot;:false,&quot;geo_query_distance&quot;:-1},{&quot;id&quot;:824,&quot;latLang&quot;:{&quot;lat&quot;:&quot;46.9994022&quot;,&quot;lng&quot;:&quot;17.9853383&quot;},&quot;label&quot;:false,&quot;custom_marker&quot;:false,&quot;geo_query_distance&quot;:-1},{&quot;id&quot;:822,&quot;latLang&quot;:{&quot;lat&quot;:&quot;47.9018751&quot;,&quot;lng&quot;:&quot;20.3784848&quot;},&quot;label&quot;:false,&quot;custom_marker&quot;:false,&quot;geo_query_distance&quot;:-1},{&quot;id&quot;:820,&quot;latLang&quot;:{&quot;lat&quot;:&quot;47.17084&quot;,&quot;lng&quot;:&quot;19.3235577&quot;},&quot;label&quot;:false,&quot;custom_marker&quot;:false,&quot;geo_query_distance&quot;:-1},{&quot;id&quot;:818,&quot;latLang&quot;:{&quot;lat&quot;:&quot;47.5855961&quot;,&quot;lng&quot;:&quot;17.0136893&quot;},&quot;label&quot;:false,&quot;custom_marker&quot;:false,&quot;geo_query_distance&quot;:-1},{&quot;id&quot;:816,&quot;latLang&quot;:{&quot;lat&quot;:&quot;47.5653778&quot;,&quot;lng&quot;:&quot;19.7142778&quot;},&quot;label&quot;:false,&quot;custom_marker&quot;:false,&quot;geo_query_distance&quot;:-1},{&quot;id&quot;:814,&quot;latLang&quot;:{&quot;lat&quot;:&quot;47.71501019999999&quot;,&quot;lng&quot;:&quot;21.6704243&quot;},&quot;label&quot;:false,&quot;custom_marker&quot;:false,&quot;geo_query_distance&quot;:-1},{&quot;id&quot;:788,&quot;latLang&quot;:{&quot;lat&quot;:&quot;47.6305053&quot;,&quot;lng&quot;:&quot;18.8873806&quot;},&quot;label&quot;:false,&quot;custom_marker&quot;:false,&quot;geo_query_distance&quot;:-1},{&quot;id&quot;:786,&quot;latLang&quot;:{&quot;lat&quot;:&quot;45.8735878&quot;,&quot;lng&quot;:&quot;18.4591908&quot;},&quot;label&quot;:false,&quot;custom_marker&quot;:false,&quot;geo_query_distance&quot;:-1},{&quot;id&quot;:785,&quot;latLang&quot;:{&quot;lat&quot;:&quot;48.225495031599166&quot;,&quot;lng&quot;:&quot;20.594345787111806&quot;},&quot;label&quot;:false,&quot;custom_marker&quot;:false,&quot;geo_query_distance&quot;:-1},{&quot;id&quot;:784,&quot;latLang&quot;:{&quot;lat&quot;:&quot;47.9094814&quot;,&quot;lng&quot;:&quot;19.8759248&quot;},&quot;label&quot;:false,&quot;custom_marker&quot;:false,&quot;geo_query_distance&quot;:-1},{&quot;id&quot;:782,&quot;latLang&quot;:{&quot;lat&quot;:&quot;48.2489437&quot;,&quot;lng&quot;:&quot;20.6189771&quot;},&quot;label&quot;:false,&quot;custom_marker&quot;:false,&quot;geo_query_distance&quot;:-1},{&quot;id&quot;:720,&quot;latLang&quot;:{&quot;lat&quot;:&quot;47.2691037&quot;,&quot;lng&quot;:&quot;17.8738218&quot;},&quot;label&quot;:false,&quot;custom_marker&quot;:false,&quot;geo_query_distance&quot;:-1},{&quot;id&quot;:718,&quot;latLang&quot;:{&quot;lat&quot;:&quot;48.0711866&quot;,&quot;lng&quot;:&quot;19.2937136&quot;},&quot;label&quot;:false,&quot;custom_marker&quot;:false,&quot;geo_query_distance&quot;:-1},{&quot;id&quot;:716,&quot;latLang&quot;:{&quot;lat&quot;:&quot;47.2440728&quot;,&quot;lng&quot;:&quot;18.2977215&quot;},&quot;label&quot;:false,&quot;custom_marker&quot;:false,&quot;geo_query_distance&quot;:-1},{&quot;id&quot;:714,&quot;latLang&quot;:{&quot;lat&quot;:&quot;47.7772704&quot;,&quot;lng&quot;:&quot;18.952406&quot;},&quot;label&quot;:false,&quot;custom_marker&quot;:false,&quot;geo_query_distance&quot;:-1},{&quot;id&quot;:706,&quot;latLang&quot;:{&quot;lat&quot;:&quot;47.64108230000001&quot;,&quot;lng&quot;:&quot;18.340093&quot;},&quot;label&quot;:false,&quot;custom_marker&quot;:false,&quot;geo_query_distance&quot;:-1},{&quot;id&quot;:705,&quot;latLang&quot;:{&quot;lat&quot;:&quot;47.572027&quot;,&quot;lng&quot;:&quot;19.2226837&quot;},&quot;label&quot;:false,&quot;custom_marker&quot;:false,&quot;geo_query_distance&quot;:-1},{&quot;id&quot;:703,&quot;latLang&quot;:{&quot;lat&quot;:&quot;47.6579941&quot;,&quot;lng&quot;:&quot;19.2818159&quot;},&quot;label&quot;:false,&quot;custom_marker&quot;:false,&quot;geo_query_distance&quot;:-1},{&quot;id&quot;:697,&quot;latLang&quot;:{&quot;lat&quot;:&quot;47.3088106&quot;,&quot;lng&quot;:&quot;19.0090185&quot;},&quot;label&quot;:false,&quot;custom_marker&quot;:false,&quot;geo_query_distance&quot;:-1},{&quot;id&quot;:683,&quot;latLang&quot;:{&quot;lat&quot;:&quot;47.6197725&quot;,&quot;lng&quot;:&quot;19.2780994&quot;},&quot;label&quot;:false,&quot;custom_marker&quot;:false,&quot;geo_query_distance&quot;:-1},{&quot;id&quot;:494,&quot;latLang&quot;:{&quot;lat&quot;:&quot;47.53880179999999&quot;,&quot;lng&quot;:&quot;19.2462524&quot;},&quot;label&quot;:false,&quot;custom_marker&quot;:false,&quot;geo_query_distance&quot;:-1}]\" data-general=\"{&quot;api&quot;:&quot;https:\\\/\\\/trailart.hu\\\/en\\\/wp-json\\\/jet-engine\\\/v2\\\/get-map-marker-info\\\/&quot;,&quot;restNonce&quot;:&quot;70bb5e5a0f&quot;,&quot;listingID&quot;:621,&quot;source&quot;:&quot;posts&quot;,&quot;width&quot;:200,&quot;offset&quot;:40,&quot;clustererImg&quot;:&quot;https:\\\/\\\/trailart.hu\\\/wp-content\\\/plugins\\\/jet-engine\\\/includes\\\/modules\\\/maps-listings\\\/assets\\\/lib\\\/markerclustererplus\\\/img\\\/m&quot;,&quot;marker&quot;:{&quot;type&quot;:&quot;image&quot;,&quot;url&quot;:&quot;https:\\\/\\\/trailart.hu\\\/wp-content\\\/uploads\\\/2025\\\/02\\\/TA-logo-263x300-1.png&quot;},&quot;autoCenter&quot;:true,&quot;maxZoom&quot;:19,&quot;minZoom&quot;:5,&quot;customCenter&quot;:false,&quot;customZoom&quot;:11,&quot;popupPreloader&quot;:false,&quot;querySeparator&quot;:&quot;?&quot;,&quot;markerClustering&quot;:true,&quot;clusterMaxZoom&quot;:&quot;&quot;,&quot;clusterRadius&quot;:30,&quot;popupOpenOn&quot;:&quot;click&quot;,&quot;centeringOnOpen&quot;:false,&quot;zoomOnOpen&quot;:false,&quot;advanced&quot;:{&quot;zoom_control&quot;:&quot;auto&quot;},&quot;styles&quot;:[{&quot;featureType&quot;:&quot;administrative&quot;,&quot;elementType&quot;:&quot;geometry.stroke&quot;,&quot;stylers&quot;:[{&quot;visibility&quot;:&quot;on&quot;},{&quot;color&quot;:&quot;#0096aa&quot;},{&quot;weight&quot;:&quot;0.30&quot;},{&quot;saturation&quot;:&quot;-75&quot;},{&quot;lightness&quot;:&quot;5&quot;},{&quot;gamma&quot;:&quot;1&quot;}]},{&quot;featureType&quot;:&quot;administrative&quot;,&quot;elementType&quot;:&quot;labels.text.fill&quot;,&quot;stylers&quot;:[{&quot;color&quot;:&quot;#0096aa&quot;},{&quot;saturation&quot;:&quot;-75&quot;},{&quot;lightness&quot;:&quot;5&quot;}]},{&quot;featureType&quot;:&quot;administrative&quot;,&quot;elementType&quot;:&quot;labels.text.stroke&quot;,&quot;stylers&quot;:[{&quot;color&quot;:&quot;#ffe146&quot;},{&quot;visibility&quot;:&quot;on&quot;},{&quot;weight&quot;:&quot;6&quot;},{&quot;saturation&quot;:&quot;-28&quot;},{&quot;lightness&quot;:&quot;0&quot;}]},{&quot;featureType&quot;:&quot;administrative&quot;,&quot;elementType&quot;:&quot;labels.icon&quot;,&quot;stylers&quot;:[{&quot;visibility&quot;:&quot;on&quot;},{&quot;color&quot;:&quot;#e6007e&quot;},{&quot;weight&quot;:&quot;1&quot;}]},{&quot;featureType&quot;:&quot;landscape&quot;,&quot;elementType&quot;:&quot;all&quot;,&quot;stylers&quot;:[{&quot;color&quot;:&quot;#ffe146&quot;},{&quot;saturation&quot;:&quot;-28&quot;},{&quot;lightness&quot;:&quot;0&quot;}]},{&quot;featureType&quot;:&quot;poi&quot;,&quot;elementType&quot;:&quot;all&quot;,&quot;stylers&quot;:[{&quot;visibility&quot;:&quot;off&quot;}]},{&quot;featureType&quot;:&quot;road&quot;,&quot;elementType&quot;:&quot;all&quot;,&quot;stylers&quot;:[{&quot;color&quot;:&quot;#0096aa&quot;},{&quot;visibility&quot;:&quot;simplified&quot;},{&quot;saturation&quot;:&quot;-75&quot;},{&quot;lightness&quot;:&quot;5&quot;},{&quot;gamma&quot;:&quot;1&quot;}]},{&quot;featureType&quot;:&quot;road&quot;,&quot;elementType&quot;:&quot;labels.text&quot;,&quot;stylers&quot;:[{&quot;visibility&quot;:&quot;on&quot;},{&quot;color&quot;:&quot;#ffe146&quot;},{&quot;weight&quot;:8},{&quot;saturation&quot;:&quot;-28&quot;},{&quot;lightness&quot;:&quot;0&quot;}]},{&quot;featureType&quot;:&quot;road&quot;,&quot;elementType&quot;:&quot;labels.text.fill&quot;,&quot;stylers&quot;:[{&quot;visibility&quot;:&quot;on&quot;},{&quot;color&quot;:&quot;#0096aa&quot;},{&quot;weight&quot;:8},{&quot;lightness&quot;:&quot;5&quot;},{&quot;gamma&quot;:&quot;1&quot;},{&quot;saturation&quot;:&quot;-75&quot;}]},{&quot;featureType&quot;:&quot;road&quot;,&quot;elementType&quot;:&quot;labels.icon&quot;,&quot;stylers&quot;:[{&quot;visibility&quot;:&quot;off&quot;}]},{&quot;featureType&quot;:&quot;transit&quot;,&quot;elementType&quot;:&quot;all&quot;,&quot;stylers&quot;:[{&quot;visibility&quot;:&quot;simplified&quot;},{&quot;color&quot;:&quot;#0096aa&quot;},{&quot;saturation&quot;:&quot;-75&quot;},{&quot;lightness&quot;:&quot;5&quot;},{&quot;gamma&quot;:&quot;1&quot;}]},{&quot;featureType&quot;:&quot;water&quot;,&quot;elementType&quot;:&quot;geometry.fill&quot;,&quot;stylers&quot;:[{&quot;visibility&quot;:&quot;on&quot;},{&quot;color&quot;:&quot;#0096aa&quot;},{&quot;saturation&quot;:&quot;-75&quot;},{&quot;lightness&quot;:&quot;5&quot;},{&quot;gamma&quot;:&quot;1&quot;}]},{&quot;featureType&quot;:&quot;water&quot;,&quot;elementType&quot;:&quot;labels.text&quot;,&quot;stylers&quot;:[{&quot;visibility&quot;:&quot;simplified&quot;},{&quot;color&quot;:&quot;#ffe146&quot;},{&quot;saturation&quot;:&quot;-28&quot;},{&quot;lightness&quot;:&quot;0&quot;}]},{&quot;featureType&quot;:&quot;water&quot;,&quot;elementType&quot;:&quot;labels.icon&quot;,&quot;stylers&quot;:[{&quot;visibility&quot;:&quot;off&quot;}]}]}\" data-listing-source=\"posts\" data-queried-id=\"346|WP_Post\"><\/div>\t\t\t\t<\/div>\n\t\t\t\t<\/div>\n\t\t\t\t\t<\/div>\n\t\t<\/div>\n\t\t\t\t\t<\/div>\n\t\t<\/section>\n\t\t\t\t<section class=\"elementor-section elementor-top-section elementor-element elementor-element-34b21d3 elementor-section-boxed elementor-section-height-default elementor-section-height-default\" data-id=\"34b21d3\" data-element_type=\"section\" data-settings=\"{&quot;jet_parallax_layout_list&quot;:[],&quot;background_background&quot;:&quot;classic&quot;}\">\n\t\t\t\t\t\t<div class=\"elementor-container elementor-column-gap-default\">\n\t\t\t\t\t<div class=\"elementor-column elementor-col-100 elementor-top-column elementor-element elementor-element-76a5c2e\" data-id=\"76a5c2e\" data-element_type=\"column\">\n\t\t\t<div class=\"elementor-widget-wrap elementor-element-populated\">\n\t\t\t\t\t\t<div class=\"elementor-element elementor-element-d511fa3 elementor-widget elementor-widget-jet-listing-grid\" data-id=\"d511fa3\" data-element_type=\"widget\" data-settings=\"{&quot;columns&quot;:&quot;3&quot;,&quot;columns_mobile&quot;:&quot;1&quot;}\" data-widget_type=\"jet-listing-grid.default\">\n\t\t\t\t<div class=\"elementor-widget-container\">\n\t\t\t\t\t<div class=\"jet-listing-grid jet-listing-grid--lazy-load jet-listing jet-listing-grid-loading\" data-lazy-load=\"{&quot;offset&quot;:&quot;0px&quot;,&quot;post_id&quot;:346,&quot;queried_id&quot;:&quot;346|WP_Post&quot;}\"><div class=\"jet-listing-grid__loader\"><div class=\"jet-listing-grid__loader-spinner\"><\/div><\/div><\/div>\t\t\t\t<\/div>\n\t\t\t\t<\/div>\n\t\t\t\t<div class=\"elementor-element elementor-element-74649c2 elementor-widget elementor-widget-jet-button\" data-id=\"74649c2\" data-element_type=\"widget\" id=\"more\" data-widget_type=\"jet-button.default\">\n\t\t\t\t<div class=\"elementor-widget-container\">\n\t\t\t\t\t<div class=\"elementor-jet-button jet-elements\"><div class=\"jet-button__container\">\n\t<a class=\"jet-button__instance jet-button__instance--icon- hover-effect-3\" href=\"#\">\n\t\t<div class=\"jet-button__plane jet-button__plane-normal\"><\/div>\n\t\t<div class=\"jet-button__plane jet-button__plane-hover\"><\/div>\n\t\t<div class=\"jet-button__state jet-button__state-normal\">\n\t\t\t<span class=\"jet-button__label\">TOV\u00c1BBI PROJEKTEK<\/span>\t\t<\/div>\n\t\t<div class=\"jet-button__state jet-button__state-hover\">\n\t\t\t<span class=\"jet-button__label\">NEXT<\/span>\t\t<\/div>\n\t<\/a>\n<\/div>\n<\/div>\t\t\t\t<\/div>\n\t\t\t\t<\/div>\n\t\t\t\t\t<\/div>\n\t\t<\/div>\n\t\t\t\t\t<\/div>\n\t\t<\/section>\n\t\t\t\t<\/div>","protected":false},"excerpt":{"rendered":"<p>REFERENCI\u00c1K JELEN VAGYUNK Szenved\u00e9llyel \u00e9s szak\u00e9rtelemmel \u00e9p\u00edt\u00fcnk bringap\u00e1ly\u00e1kat, ahol a kezd\u0151k \u00e9s a profik egyar\u00e1nt megtal\u00e1lj\u00e1k a kih\u00edv\u00e1st \u00e9s az \u00e9lm\u00e9nyt. Munk\u00e1ink orsz\u00e1gszerte bizony\u00edtj\u00e1k, hogy a min\u0151s\u00e9g \u00e9s a kreativit\u00e1s k\u00e9z a k\u00e9zben j\u00e1r. N\u00e9zd meg eddigi projektjeinket, \u00e9s csatlakozz te is a bring\u00e1s k\u00f6z\u00f6ss\u00e9ghez! TOV\u00c1BBI PROJEKTEK N\u00c9ZZ\u00dcK<\/p>","protected":false},"author":1,"featured_media":0,"parent":0,"menu_order":0,"comment_status":"closed","ping_status":"closed","template":"elementor_header_footer","meta":{"_acf_changed":false,"footnotes":""},"class_list":["post-346","page","type-page","status-publish","hentry"],"acf":[],"yoast_head":"<!-- This site is optimized with the Yoast SEO plugin v25.0 - https:\/\/yoast.com\/wordpress\/plugins\/seo\/ -->\n<title>Referenci\u00e1k \u2013 Pumpap\u00e1lya \u00e9s trail \u00e9p\u00edt\u00e9si projektek | Trailart.hu<\/title>\n<meta name=\"description\" content=\"N\u00e9zd meg a Trailart kor\u00e1bbi munk\u00e1it! Aszfalt pumpap\u00e1ly\u00e1k, term\u00e9szetes MTB \u00f6sv\u00e9nyek \u00e9s bringaparkok \u00e9p\u00edt\u00e9se Magyarorsz\u00e1g-szerte.\" \/>\n<meta name=\"robots\" content=\"index, follow, max-snippet:-1, max-image-preview:large, max-video-preview:-1\" \/>\n<link rel=\"canonical\" href=\"https:\/\/trailart.hu\/en\/refecenciak\/\" \/>\n<meta property=\"og:locale\" content=\"en_GB\" \/>\n<meta property=\"og:type\" content=\"article\" \/>\n<meta property=\"og:title\" content=\"Referenci\u00e1k \u2013 Pumpap\u00e1lya \u00e9s trail \u00e9p\u00edt\u00e9si projektek | Trailart.hu\" \/>\n<meta property=\"og:description\" content=\"N\u00e9zd meg a Trailart kor\u00e1bbi munk\u00e1it! Aszfalt pumpap\u00e1ly\u00e1k, term\u00e9szetes MTB \u00f6sv\u00e9nyek \u00e9s bringaparkok \u00e9p\u00edt\u00e9se Magyarorsz\u00e1g-szerte.\" \/>\n<meta property=\"og:url\" content=\"https:\/\/trailart.hu\/en\/refecenciak\/\" \/>\n<meta property=\"og:site_name\" content=\"Trailart\" \/>\n<meta property=\"article:modified_time\" content=\"2025-04-25T11:43:01+00:00\" \/>\n<meta name=\"twitter:card\" content=\"summary_large_image\" \/>\n<meta name=\"twitter:label1\" content=\"Estimated reading time\" \/>\n\t<meta name=\"twitter:data1\" content=\"1 minute\" \/>\n<script type=\"application\/ld+json\" class=\"yoast-schema-graph\">{\"@context\":\"https:\/\/schema.org\",\"@graph\":[{\"@type\":\"WebPage\",\"@id\":\"https:\/\/trailart.hu\/refecenciak\/\",\"url\":\"https:\/\/trailart.hu\/refecenciak\/\",\"name\":\"Referenci\u00e1k \u2013 Pumpap\u00e1lya \u00e9s trail \u00e9p\u00edt\u00e9si projektek | Trailart.hu\",\"isPartOf\":{\"@id\":\"https:\/\/trailart.hu\/#website\"},\"datePublished\":\"2025-02-18T13:06:35+00:00\",\"dateModified\":\"2025-04-25T11:43:01+00:00\",\"description\":\"N\u00e9zd meg a Trailart kor\u00e1bbi munk\u00e1it! Aszfalt pumpap\u00e1ly\u00e1k, term\u00e9szetes MTB \u00f6sv\u00e9nyek \u00e9s bringaparkok \u00e9p\u00edt\u00e9se Magyarorsz\u00e1g-szerte.\",\"breadcrumb\":{\"@id\":\"https:\/\/trailart.hu\/refecenciak\/#breadcrumb\"},\"inLanguage\":\"en-GB\",\"potentialAction\":[{\"@type\":\"ReadAction\",\"target\":[\"https:\/\/trailart.hu\/refecenciak\/\"]}]},{\"@type\":\"BreadcrumbList\",\"@id\":\"https:\/\/trailart.hu\/refecenciak\/#breadcrumb\",\"itemListElement\":[{\"@type\":\"ListItem\",\"position\":1,\"name\":\"Kezd\u0151lap\",\"item\":\"https:\/\/trailart.hu\/\"},{\"@type\":\"ListItem\",\"position\":2,\"name\":\"Refecenci\u00e1k\"}]},{\"@type\":\"WebSite\",\"@id\":\"https:\/\/trailart.hu\/#website\",\"url\":\"https:\/\/trailart.hu\/\",\"name\":\"Trailart\",\"description\":\"\",\"potentialAction\":[{\"@type\":\"SearchAction\",\"target\":{\"@type\":\"EntryPoint\",\"urlTemplate\":\"https:\/\/trailart.hu\/?s={search_term_string}\"},\"query-input\":{\"@type\":\"PropertyValueSpecification\",\"valueRequired\":true,\"valueName\":\"search_term_string\"}}],\"inLanguage\":\"en-GB\"}]}<\/script>\n<!-- \/ Yoast SEO plugin. -->","yoast_head_json":{"title":"Referenci\u00e1k \u2013 Pumpap\u00e1lya \u00e9s trail \u00e9p\u00edt\u00e9si projektek | Trailart.hu","description":"N\u00e9zd meg a Trailart kor\u00e1bbi munk\u00e1it! Aszfalt pumpap\u00e1ly\u00e1k, term\u00e9szetes MTB \u00f6sv\u00e9nyek \u00e9s bringaparkok \u00e9p\u00edt\u00e9se Magyarorsz\u00e1g-szerte.","robots":{"index":"index","follow":"follow","max-snippet":"max-snippet:-1","max-image-preview":"max-image-preview:large","max-video-preview":"max-video-preview:-1"},"canonical":"https:\/\/trailart.hu\/en\/refecenciak\/","og_locale":"en_GB","og_type":"article","og_title":"Referenci\u00e1k \u2013 Pumpap\u00e1lya \u00e9s trail \u00e9p\u00edt\u00e9si projektek | Trailart.hu","og_description":"N\u00e9zd meg a Trailart kor\u00e1bbi munk\u00e1it! Aszfalt pumpap\u00e1ly\u00e1k, term\u00e9szetes MTB \u00f6sv\u00e9nyek \u00e9s bringaparkok \u00e9p\u00edt\u00e9se Magyarorsz\u00e1g-szerte.","og_url":"https:\/\/trailart.hu\/en\/refecenciak\/","og_site_name":"Trailart","article_modified_time":"2025-04-25T11:43:01+00:00","twitter_card":"summary_large_image","twitter_misc":{"Estimated reading time":"1 minute"},"schema":{"@context":"https:\/\/schema.org","@graph":[{"@type":"WebPage","@id":"https:\/\/trailart.hu\/refecenciak\/","url":"https:\/\/trailart.hu\/refecenciak\/","name":"Referenci\u00e1k \u2013 Pumpap\u00e1lya \u00e9s trail \u00e9p\u00edt\u00e9si projektek | Trailart.hu","isPartOf":{"@id":"https:\/\/trailart.hu\/#website"},"datePublished":"2025-02-18T13:06:35+00:00","dateModified":"2025-04-25T11:43:01+00:00","description":"N\u00e9zd meg a Trailart kor\u00e1bbi munk\u00e1it! Aszfalt pumpap\u00e1ly\u00e1k, term\u00e9szetes MTB \u00f6sv\u00e9nyek \u00e9s bringaparkok \u00e9p\u00edt\u00e9se Magyarorsz\u00e1g-szerte.","breadcrumb":{"@id":"https:\/\/trailart.hu\/refecenciak\/#breadcrumb"},"inLanguage":"en-GB","potentialAction":[{"@type":"ReadAction","target":["https:\/\/trailart.hu\/refecenciak\/"]}]},{"@type":"BreadcrumbList","@id":"https:\/\/trailart.hu\/refecenciak\/#breadcrumb","itemListElement":[{"@type":"ListItem","position":1,"name":"Kezd\u0151lap","item":"https:\/\/trailart.hu\/"},{"@type":"ListItem","position":2,"name":"Refecenci\u00e1k"}]},{"@type":"WebSite","@id":"https:\/\/trailart.hu\/#website","url":"https:\/\/trailart.hu\/","name":"Trailart","description":"","potentialAction":[{"@type":"SearchAction","target":{"@type":"EntryPoint","urlTemplate":"https:\/\/trailart.hu\/?s={search_term_string}"},"query-input":{"@type":"PropertyValueSpecification","valueRequired":true,"valueName":"search_term_string"}}],"inLanguage":"en-GB"}]}},"_links":{"self":[{"href":"https:\/\/trailart.hu\/en\/wp-json\/wp\/v2\/pages\/346","targetHints":{"allow":["GET"]}}],"collection":[{"href":"https:\/\/trailart.hu\/en\/wp-json\/wp\/v2\/pages"}],"about":[{"href":"https:\/\/trailart.hu\/en\/wp-json\/wp\/v2\/types\/page"}],"author":[{"embeddable":true,"href":"https:\/\/trailart.hu\/en\/wp-json\/wp\/v2\/users\/1"}],"replies":[{"embeddable":true,"href":"https:\/\/trailart.hu\/en\/wp-json\/wp\/v2\/comments?post=346"}],"version-history":[{"count":297,"href":"https:\/\/trailart.hu\/en\/wp-json\/wp\/v2\/pages\/346\/revisions"}],"predecessor-version":[{"id":1368,"href":"https:\/\/trailart.hu\/en\/wp-json\/wp\/v2\/pages\/346\/revisions\/1368"}],"wp:attachment":[{"href":"https:\/\/trailart.hu\/en\/wp-json\/wp\/v2\/media?parent=346"}],"curies":[{"name":"wp","href":"https:\/\/api.w.org\/{rel}","templated":true}]}}