{"id":907,"date":"2025-04-15T10:46:30","date_gmt":"2025-04-15T08:46:30","guid":{"rendered":"https:\/\/trailart.hu\/?page_id=907"},"modified":"2025-04-25T12:07:32","modified_gmt":"2025-04-25T10:07:32","slug":"adatvedelmi-nyilatkozat","status":"publish","type":"page","link":"https:\/\/trailart.hu\/en\/adatvedelmi-nyilatkozat\/","title":{"rendered":"Adatv\u00e9delmi nyilatkozat"},"content":{"rendered":"<div data-elementor-type=\"wp-page\" data-elementor-id=\"907\" class=\"elementor elementor-907\" data-elementor-post-type=\"page\">\n\t\t\t\t\t\t<section class=\"elementor-section elementor-top-section elementor-element elementor-element-eb69ea5 elementor-section-boxed elementor-section-height-default elementor-section-height-default\" data-id=\"eb69ea5\" data-element_type=\"section\" data-settings=\"{&quot;jet_parallax_layout_list&quot;:[],&quot;background_background&quot;:&quot;classic&quot;}\">\n\t\t\t\t\t\t<div class=\"elementor-container elementor-column-gap-default\">\n\t\t\t\t\t<div class=\"elementor-column elementor-col-100 elementor-top-column elementor-element elementor-element-72d5b38\" data-id=\"72d5b38\" data-element_type=\"column\">\n\t\t\t<div class=\"elementor-widget-wrap elementor-element-populated\">\n\t\t\t\t\t\t<div class=\"elementor-element elementor-element-962035b elementor-widget elementor-widget-heading\" data-id=\"962035b\" data-element_type=\"widget\" data-widget_type=\"heading.default\">\n\t\t\t\t<div class=\"elementor-widget-container\">\n\t\t\t\t\t<h2 class=\"elementor-heading-title elementor-size-default\">PRIVACY STATEMENT<\/h2>\t\t\t\t<\/div>\n\t\t\t\t<\/div>\n\t\t\t\t\t<\/div>\n\t\t<\/div>\n\t\t\t\t\t<\/div>\n\t\t<\/section>\n\t\t\t\t<section class=\"elementor-section elementor-top-section elementor-element elementor-element-c5d62b5 elementor-section-boxed elementor-section-height-default elementor-section-height-default\" data-id=\"c5d62b5\" data-element_type=\"section\" data-settings=\"{&quot;jet_parallax_layout_list&quot;:[],&quot;background_background&quot;:&quot;classic&quot;}\">\n\t\t\t\t\t\t<div class=\"elementor-container elementor-column-gap-default\">\n\t\t\t\t\t<div class=\"elementor-column elementor-col-100 elementor-top-column elementor-element elementor-element-a32c7d3\" data-id=\"a32c7d3\" data-element_type=\"column\">\n\t\t\t<div class=\"elementor-widget-wrap elementor-element-populated\">\n\t\t\t\t\t\t<div class=\"elementor-element elementor-element-338559e elementor-widget elementor-widget-text-editor\" data-id=\"338559e\" data-element_type=\"widget\" data-widget_type=\"text-editor.default\">\n\t\t\t\t<div class=\"elementor-widget-container\">\n\t\t\t\t\t\t\t\t\t<p>Adatv\u00e9delmi nyilatkozat<\/p><p>1. Adatkezel\u0151 adatai<\/p><p>C\u00e9gn\u00e9v: Trail Art Park Kft.<br \/>Sz\u00e9khely: 1162 Budapest, Vecseh\u00e1z utca 7.<br \/>Ad\u00f3sz\u00e1m: 14786354-2-42<br \/>E-mail: trailarthungary@gmail.com<br \/>Telefon: +36 70 394 2884<\/p><p>A Trail Art Park Kft. elk\u00f6telezett a szem\u00e9lyes adatok v\u00e9delme ir\u00e1nt, \u00e9s minden esetben a hat\u00e1lyos jogszab\u00e1lyoknak (k\u00fcl\u00f6n\u00f6sen az EU 2016\/679 rendelete, azaz a GDPR) megfelel\u0151en kezeli a weboldalon kereszt\u00fcl megadott adatokat.<\/p><p>\u2e3b<\/p><p>2. Kezelt adatok k\u00f6re<\/p><p>A weboldalon tal\u00e1lhat\u00f3 kapcsolatfelv\u00e9teli \u0171rlapon kereszt\u00fcl a k\u00f6vetkez\u0151 szem\u00e9lyes adatokat gy\u0171jtj\u00fck:<br \/>\u2022 N\u00e9v<br \/>\u2022 E-mail c\u00edm<br \/>\u2022 \u00dczenet sz\u00f6vege<\/p><p>Ezek az adatok kiz\u00e1r\u00f3lag abb\u00f3l a c\u00e9lb\u00f3l ker\u00fclnek felhaszn\u00e1l\u00e1sra, hogy kapcsolatba tudjunk l\u00e9pni \u00d6nnel, v\u00e1laszolni tudjunk k\u00e9rd\u00e9s\u00e9re, megkeres\u00e9s\u00e9re.<\/p><p>\u2e3b<\/p><p>3. Az adatkezel\u00e9s jogalapja<\/p><p>Az adatkezel\u00e9s jogalapja az \u00d6n \u00f6nk\u00e9ntes hozz\u00e1j\u00e1rul\u00e1sa, amelyet az \u0171rlap kit\u00f6lt\u00e9s\u00e9vel \u00e9s elk\u00fcld\u00e9s\u00e9vel ad meg sz\u00e1munkra (GDPR 6. cikk (1) bekezd\u00e9s a) pont).<\/p><p>\u2e3b<\/p><p>4. Az adatkezel\u00e9s id\u0151tartama<\/p><p>Az adatokat a kapcsolatfelv\u00e9telt\u0151l sz\u00e1m\u00edtott legfeljebb 1 \u00e9vig \u0151rizz\u00fck meg, kiv\u00e9ve, ha a kapcsolatfelv\u00e9telb\u0151l szerz\u0151d\u00e9ses viszony vagy \u00fczleti kapcsolat alakul ki \u2013 ebben az esetben a tov\u00e1bbi adatkezel\u00e9s k\u00fcl\u00f6n szab\u00e1lyoz\u00e1s alapj\u00e1n t\u00f6rt\u00e9nik.<\/p><p>\u2e3b<\/p><p>5. Adatok tov\u00e1bb\u00edt\u00e1sa, adatfeldolgoz\u00f3k<\/p><p>A megadott adatokat nem tov\u00e1bb\u00edtjuk harmadik f\u00e9l r\u00e9sz\u00e9re, kiv\u00e9ve, ha azt jogszab\u00e1ly \u00edrja el\u0151.<br \/>A weboldal \u00e9s a kapcsolati \u0171rlap technikai m\u0171k\u00f6dtet\u00e9s\u00e9ben megb\u00edzott adatfeldolgoz\u00f3k kiz\u00e1r\u00f3lag az adatbiztons\u00e1g biztos\u00edt\u00e1sa \u00e9rdek\u00e9ben f\u00e9rhetnek hozz\u00e1 az adatokhoz.<\/p><p>\u2e3b<\/p><p>6. Az \u00e9rintettek jogai<\/p><p>\u00d6n b\u00e1rmikor jogosult arra, hogy:<br \/>\u2022 hozz\u00e1f\u00e9r\u00e9st k\u00e9rjen a r\u00f3la t\u00e1rolt adatokhoz,<br \/>\u2022 helyesb\u00edt\u00e9st k\u00e9rjen,<br \/>\u2022 k\u00e9rje az adatok t\u00f6rl\u00e9s\u00e9t,<br \/>\u2022 az adatkezel\u00e9s korl\u00e1toz\u00e1s\u00e1t,<br \/>\u2022 tiltakozzon az adatkezel\u00e9s ellen,<br \/>\u2022 vagy adatainak hordozhat\u00f3s\u00e1g\u00e1t k\u00e9rje.<\/p><p>Ezeket a jogokat a trailarthungary@gmail.com e-mail-c\u00edmen kereszt\u00fcl gyakorolhatja.<\/p><p>Amennyiben \u00fagy \u00e9rzi, hogy adatkezel\u00e9s\u00fcnk s\u00e9rti a jogait, panaszt tehet a Nemzeti Adatv\u00e9delmi \u00e9s Inform\u00e1ci\u00f3szabads\u00e1g Hat\u00f3s\u00e1gn\u00e1l (NAIH):<br \/>weboldal: https:\/\/www.naih.hu<br \/>c\u00edm: 1055 Budapest, Falk Miksa utca 9-11.<\/p><p>\u2e3b<\/p><p>7. Cookie-k \u00e9s egy\u00e9b technol\u00f3gi\u00e1k<\/p><p>A weboldal technikai m\u0171k\u00f6d\u00e9se sor\u00e1n cookie-kat (s\u00fctiket) haszn\u00e1lhatunk, melyek a felhaszn\u00e1l\u00f3i \u00e9lm\u00e9ny jav\u00edt\u00e1s\u00e1t szolg\u00e1lj\u00e1k. Err\u0151l k\u00fcl\u00f6n Cookie-t\u00e1j\u00e9koztat\u00f3ban adunk r\u00e9szletes inform\u00e1ci\u00f3t.<\/p>\t\t\t\t\t\t\t\t<\/div>\n\t\t\t\t<\/div>\n\t\t\t\t\t<\/div>\n\t\t<\/div>\n\t\t\t\t\t<\/div>\n\t\t<\/section>\n\t\t\t\t<\/div>","protected":false},"excerpt":{"rendered":"<p>ADATV\u00c9DELMI NYILATKOZAT Adatv\u00e9delmi nyilatkozat 1. Adatkezel\u0151 adatai C\u00e9gn\u00e9v: Trail Art Park Kft.Sz\u00e9khely: 1162 Budapest, Vecseh\u00e1z utca 7.Ad\u00f3sz\u00e1m: 14786354-2-42E-mail: trailarthungary@gmail.comTelefon: +36 70 394 2884 A Trail Art Park Kft. elk\u00f6telezett a szem\u00e9lyes adatok v\u00e9delme ir\u00e1nt, \u00e9s minden esetben a hat\u00e1lyos jogszab\u00e1lyoknak (k\u00fcl\u00f6n\u00f6sen az EU 2016\/679 rendelete, azaz a GDPR) megfelel\u0151en kezeli a weboldalon kereszt\u00fcl megadott adatokat. [&hellip;]<\/p>","protected":false},"author":1,"featured_media":0,"parent":0,"menu_order":0,"comment_status":"closed","ping_status":"closed","template":"elementor_header_footer","meta":{"_acf_changed":false,"footnotes":""},"class_list":["post-907","page","type-page","status-publish","hentry"],"acf":[],"yoast_head":"<!-- This site is optimized with the Yoast SEO plugin v25.0 - https:\/\/yoast.com\/wordpress\/plugins\/seo\/ -->\n<title>Adatv\u00e9delmi nyilatkozat - Trailart<\/title>\n<meta name=\"robots\" content=\"noindex, nofollow\" \/>\n<meta property=\"og:locale\" content=\"en_GB\" \/>\n<meta property=\"og:type\" content=\"article\" \/>\n<meta property=\"og:title\" content=\"Adatv\u00e9delmi nyilatkozat - Trailart\" \/>\n<meta property=\"og:description\" content=\"ADATV\u00c9DELMI NYILATKOZAT Adatv\u00e9delmi nyilatkozat 1. Adatkezel\u0151 adatai C\u00e9gn\u00e9v: Trail Art Park Kft.Sz\u00e9khely: 1162 Budapest, Vecseh\u00e1z utca 7.Ad\u00f3sz\u00e1m: 14786354-2-42E-mail: trailarthungary@gmail.comTelefon: +36 70 394 2884 A Trail Art Park Kft. elk\u00f6telezett a szem\u00e9lyes adatok v\u00e9delme ir\u00e1nt, \u00e9s minden esetben a hat\u00e1lyos jogszab\u00e1lyoknak (k\u00fcl\u00f6n\u00f6sen az EU 2016\/679 rendelete, azaz a GDPR) megfelel\u0151en kezeli a weboldalon kereszt\u00fcl megadott adatokat. [&hellip;]\" \/>\n<meta property=\"og:url\" content=\"https:\/\/trailart.hu\/en\/adatvedelmi-nyilatkozat\/\" \/>\n<meta property=\"og:site_name\" content=\"Trailart\" \/>\n<meta property=\"article:modified_time\" content=\"2025-04-25T10:07:32+00:00\" \/>\n<meta name=\"twitter:card\" content=\"summary_large_image\" \/>\n<meta name=\"twitter:label1\" content=\"Estimated reading time\" \/>\n\t<meta name=\"twitter:data1\" content=\"2 minutes\" \/>\n<script type=\"application\/ld+json\" class=\"yoast-schema-graph\">{\"@context\":\"https:\/\/schema.org\",\"@graph\":[{\"@type\":\"WebPage\",\"@id\":\"https:\/\/trailart.hu\/adatvedelmi-nyilatkozat\/\",\"url\":\"https:\/\/trailart.hu\/adatvedelmi-nyilatkozat\/\",\"name\":\"Adatv\u00e9delmi nyilatkozat - Trailart\",\"isPartOf\":{\"@id\":\"https:\/\/trailart.hu\/#website\"},\"datePublished\":\"2025-04-15T08:46:30+00:00\",\"dateModified\":\"2025-04-25T10:07:32+00:00\",\"breadcrumb\":{\"@id\":\"https:\/\/trailart.hu\/adatvedelmi-nyilatkozat\/#breadcrumb\"},\"inLanguage\":\"en-GB\",\"potentialAction\":[{\"@type\":\"ReadAction\",\"target\":[\"https:\/\/trailart.hu\/adatvedelmi-nyilatkozat\/\"]}]},{\"@type\":\"BreadcrumbList\",\"@id\":\"https:\/\/trailart.hu\/adatvedelmi-nyilatkozat\/#breadcrumb\",\"itemListElement\":[{\"@type\":\"ListItem\",\"position\":1,\"name\":\"Kezd\u0151lap\",\"item\":\"https:\/\/trailart.hu\/\"},{\"@type\":\"ListItem\",\"position\":2,\"name\":\"Adatv\u00e9delmi nyilatkozat\"}]},{\"@type\":\"WebSite\",\"@id\":\"https:\/\/trailart.hu\/#website\",\"url\":\"https:\/\/trailart.hu\/\",\"name\":\"Trailart\",\"description\":\"\",\"potentialAction\":[{\"@type\":\"SearchAction\",\"target\":{\"@type\":\"EntryPoint\",\"urlTemplate\":\"https:\/\/trailart.hu\/?s={search_term_string}\"},\"query-input\":{\"@type\":\"PropertyValueSpecification\",\"valueRequired\":true,\"valueName\":\"search_term_string\"}}],\"inLanguage\":\"en-GB\"}]}<\/script>\n<!-- \/ Yoast SEO plugin. -->","yoast_head_json":{"title":"Adatv\u00e9delmi nyilatkozat - Trailart","robots":{"index":"noindex","follow":"nofollow"},"og_locale":"en_GB","og_type":"article","og_title":"Adatv\u00e9delmi nyilatkozat - Trailart","og_description":"ADATV\u00c9DELMI NYILATKOZAT Adatv\u00e9delmi nyilatkozat 1. Adatkezel\u0151 adatai C\u00e9gn\u00e9v: Trail Art Park Kft.Sz\u00e9khely: 1162 Budapest, Vecseh\u00e1z utca 7.Ad\u00f3sz\u00e1m: 14786354-2-42E-mail: trailarthungary@gmail.comTelefon: +36 70 394 2884 A Trail Art Park Kft. elk\u00f6telezett a szem\u00e9lyes adatok v\u00e9delme ir\u00e1nt, \u00e9s minden esetben a hat\u00e1lyos jogszab\u00e1lyoknak (k\u00fcl\u00f6n\u00f6sen az EU 2016\/679 rendelete, azaz a GDPR) megfelel\u0151en kezeli a weboldalon kereszt\u00fcl megadott adatokat. [&hellip;]","og_url":"https:\/\/trailart.hu\/en\/adatvedelmi-nyilatkozat\/","og_site_name":"Trailart","article_modified_time":"2025-04-25T10:07:32+00:00","twitter_card":"summary_large_image","twitter_misc":{"Estimated reading time":"2 minutes"},"schema":{"@context":"https:\/\/schema.org","@graph":[{"@type":"WebPage","@id":"https:\/\/trailart.hu\/adatvedelmi-nyilatkozat\/","url":"https:\/\/trailart.hu\/adatvedelmi-nyilatkozat\/","name":"Adatv\u00e9delmi nyilatkozat - Trailart","isPartOf":{"@id":"https:\/\/trailart.hu\/#website"},"datePublished":"2025-04-15T08:46:30+00:00","dateModified":"2025-04-25T10:07:32+00:00","breadcrumb":{"@id":"https:\/\/trailart.hu\/adatvedelmi-nyilatkozat\/#breadcrumb"},"inLanguage":"en-GB","potentialAction":[{"@type":"ReadAction","target":["https:\/\/trailart.hu\/adatvedelmi-nyilatkozat\/"]}]},{"@type":"BreadcrumbList","@id":"https:\/\/trailart.hu\/adatvedelmi-nyilatkozat\/#breadcrumb","itemListElement":[{"@type":"ListItem","position":1,"name":"Kezd\u0151lap","item":"https:\/\/trailart.hu\/"},{"@type":"ListItem","position":2,"name":"Adatv\u00e9delmi nyilatkozat"}]},{"@type":"WebSite","@id":"https:\/\/trailart.hu\/#website","url":"https:\/\/trailart.hu\/","name":"Trailart","description":"","potentialAction":[{"@type":"SearchAction","target":{"@type":"EntryPoint","urlTemplate":"https:\/\/trailart.hu\/?s={search_term_string}"},"query-input":{"@type":"PropertyValueSpecification","valueRequired":true,"valueName":"search_term_string"}}],"inLanguage":"en-GB"}]}},"_links":{"self":[{"href":"https:\/\/trailart.hu\/en\/wp-json\/wp\/v2\/pages\/907","targetHints":{"allow":["GET"]}}],"collection":[{"href":"https:\/\/trailart.hu\/en\/wp-json\/wp\/v2\/pages"}],"about":[{"href":"https:\/\/trailart.hu\/en\/wp-json\/wp\/v2\/types\/page"}],"author":[{"embeddable":true,"href":"https:\/\/trailart.hu\/en\/wp-json\/wp\/v2\/users\/1"}],"replies":[{"embeddable":true,"href":"https:\/\/trailart.hu\/en\/wp-json\/wp\/v2\/comments?post=907"}],"version-history":[{"count":4,"href":"https:\/\/trailart.hu\/en\/wp-json\/wp\/v2\/pages\/907\/revisions"}],"predecessor-version":[{"id":912,"href":"https:\/\/trailart.hu\/en\/wp-json\/wp\/v2\/pages\/907\/revisions\/912"}],"wp:attachment":[{"href":"https:\/\/trailart.hu\/en\/wp-json\/wp\/v2\/media?parent=907"}],"curies":[{"name":"wp","href":"https:\/\/api.w.org\/{rel}","templated":true}]}}